{"id":8038,"date":"2020-12-07T01:21:45","date_gmt":"2020-12-07T00:21:45","guid":{"rendered":"https:\/\/timoore.com.pl\/?post_type=product&#038;p=8038"},"modified":"2020-12-10T00:31:47","modified_gmt":"2020-12-09T23:31:47","slug":"lozeczko-tapczanik","status":"publish","type":"product","link":"https:\/\/timoore.eu\/en\/k\/kolekcja-manhattan\/lozeczko-tapczanik\/","title":{"rendered":"\u0141\u00f3\u017ceczko &#8211; tapczanik"},"content":{"rendered":"<p>Opis kolekcji:<br \/>\nMANHATTAN collection by Timoore<\/p>\n<p>Doskona\u0142e \u0142\u00f3\u017ceczko Manhattan jest przyk\u0142adem odpowiedniego wygl\u0105du nowoczesnego pokoju dziecinnego.<br \/>\nStylizowane, regulowane trzystopniowo, transformowane na tapczanik, wysokiej jako\u015bci \u0142\u00f3\u017ceczko Manhattan nie b\u0119dzie tylko na chwil\u0119.<\/p>\n<p>\u0141\u00f3\u017ceczko zaprojektowane zosta\u0142o tak, aby \u0142atwo przekszta\u0142ci\u0107 je w tapczanik dla przedszkolaka, jest to inwestycja w dom, a nie tylko element funkcjonalny.<\/p>\n<p>Elastyczne listwy podtrzymuj\u0105ce materac, zapewniaj\u0105 doskona\u0142\u0105 pozycj\u0119 podczas snu, a opcja regulacji wysoko\u015bci u\u0142atwia dopasowanie poziomu spania do potrzeb dziecka.<\/p>\n<p>Korpus mebla wykonany z wysokiej jako\u015bci p\u0142yty laminowanej odpornej na uszkodzenia, boki ozdobne wykonane z drewna litego lakierowanego lakierem bezbarwnym.<\/p>\n<p>&#8211; \u0142\u00f3\u017ceczko &#8211; tapczanik posiada 3 stopnie regulacji wysoko\u015bci<br \/>\n&#8211; opcj\u0119 transformacji na tapczanik<\/p>","protected":false},"excerpt":{"rendered":"<p>oznaczenie produktu:<br \/>\nT11-03-POP,<br \/>\nT11-03-W<\/p>\n<p>&nbsp;<\/p>\n<p>\u0141\u00f3\u017ceczko Manhattan jest bardzo stylowym rozwi\u0105zaniem zar\u00f3wno w nowoczesnym pokoju jaki i klasycznym wn\u0119trzu Hamptons.<\/p>","protected":false},"featured_media":8041,"template":"","meta":{"inline_featured_image":false},"yoast_head":"<!-- This site is optimized with the Yoast SEO plugin v15.5 - https:\/\/yoast.com\/wordpress\/plugins\/seo\/ -->\n<title>\u0141\u00f3\u017ceczko - tapczanik - Timoore<\/title>\n<meta name=\"robots\" content=\"index, follow, max-snippet:-1, max-image-preview:large, max-video-preview:-1\" \/>\n<link rel=\"canonical\" href=\"https:\/\/timoore.eu\/en\/k\/kolekcja-manhattan\/lozeczko-tapczanik\/\" \/>\n<meta property=\"og:locale\" content=\"en_GB\" \/>\n<meta property=\"og:type\" content=\"article\" \/>\n<meta property=\"og:title\" content=\"\u0141\u00f3\u017ceczko - tapczanik - Timoore\" \/>\n<meta property=\"og:description\" content=\"oznaczenie produktu: T11-03-POP, T11-03-W  &nbsp;  \u0141\u00f3\u017ceczko Manhattan jest bardzo stylowym rozwi\u0105zaniem zar\u00f3wno w nowoczesnym pokoju jaki i klasycznym wn\u0119trzu Hamptons.\" \/>\n<meta property=\"og:url\" content=\"https:\/\/timoore.eu\/en\/k\/kolekcja-manhattan\/lozeczko-tapczanik\/\" \/>\n<meta property=\"og:site_name\" content=\"Timoore\" \/>\n<meta property=\"article:publisher\" content=\"https:\/\/www.facebook.com\/MebleABSYNTH\" \/>\n<meta property=\"article:modified_time\" content=\"2020-12-09T23:31:47+00:00\" \/>\n<meta property=\"og:image\" content=\"https:\/\/timoore.eu\/wp-content\/uploads\/2020\/12\/T11-03-B.jpg\" \/>\n\t<meta property=\"og:image:width\" content=\"800\" \/>\n\t<meta property=\"og:image:height\" content=\"800\" \/>\n<meta name=\"twitter:card\" content=\"summary_large_image\" \/>\n<meta name=\"twitter:label1\" content=\"Estimated reading time\">\n\t<meta name=\"twitter:data1\" content=\"0 minutes\">\n<script type=\"application\/ld+json\" class=\"yoast-schema-graph\">{\"@context\":\"https:\/\/schema.org\",\"@graph\":[{\"@type\":\"WebSite\",\"@id\":\"https:\/\/timoore.eu\/pl\/#website\",\"url\":\"https:\/\/timoore.eu\/pl\/\",\"name\":\"Timoore\",\"description\":\"Meble tworz\\u0105 wn\\u0119trze\",\"potentialAction\":[{\"@type\":\"SearchAction\",\"target\":\"https:\/\/timoore.eu\/pl\/?s={search_term_string}\",\"query-input\":\"required name=search_term_string\"}],\"inLanguage\":\"en-GB\"},{\"@type\":\"ImageObject\",\"@id\":\"https:\/\/timoore.eu\/k\/kolekcja-manhattan\/lozeczko-tapczanik\/#primaryimage\",\"inLanguage\":\"en-GB\",\"url\":\"https:\/\/timoore.eu\/wp-content\/uploads\/2020\/12\/T11-03-B.jpg\",\"width\":800,\"height\":800},{\"@type\":\"WebPage\",\"@id\":\"https:\/\/timoore.eu\/k\/kolekcja-manhattan\/lozeczko-tapczanik\/#webpage\",\"url\":\"https:\/\/timoore.eu\/k\/kolekcja-manhattan\/lozeczko-tapczanik\/\",\"name\":\"\\u0141\\u00f3\\u017ceczko - tapczanik - Timoore\",\"isPartOf\":{\"@id\":\"https:\/\/timoore.eu\/pl\/#website\"},\"primaryImageOfPage\":{\"@id\":\"https:\/\/timoore.eu\/k\/kolekcja-manhattan\/lozeczko-tapczanik\/#primaryimage\"},\"datePublished\":\"2020-12-07T00:21:45+00:00\",\"dateModified\":\"2020-12-09T23:31:47+00:00\",\"inLanguage\":\"en-GB\",\"potentialAction\":[{\"@type\":\"ReadAction\",\"target\":[\"https:\/\/timoore.eu\/k\/kolekcja-manhattan\/lozeczko-tapczanik\/\"]}]}]}<\/script>\n<!-- \/ Yoast SEO plugin. -->","_links":{"self":[{"href":"https:\/\/timoore.eu\/en\/wp-json\/wp\/v2\/product\/8038"}],"collection":[{"href":"https:\/\/timoore.eu\/en\/wp-json\/wp\/v2\/product"}],"about":[{"href":"https:\/\/timoore.eu\/en\/wp-json\/wp\/v2\/types\/product"}],"wp:featuredmedia":[{"embeddable":true,"href":"https:\/\/timoore.eu\/en\/wp-json\/wp\/v2\/media\/8041"}],"wp:attachment":[{"href":"https:\/\/timoore.eu\/en\/wp-json\/wp\/v2\/media?parent=8038"}],"curies":[{"name":"wp","href":"https:\/\/api.w.org\/{rel}","templated":true}]}}