{"id":8089,"date":"2020-12-10T00:37:18","date_gmt":"2020-12-09T23:37:18","guid":{"rendered":"https:\/\/timoore.com.pl\/?post_type=product&#038;p=8089"},"modified":"2020-12-10T00:42:57","modified_gmt":"2020-12-09T23:42:57","slug":"szafa-dwudrzwiowa","status":"publish","type":"product","link":"https:\/\/timoore.eu\/en\/k\/kolekcja-manhattan\/szafa-dwudrzwiowa\/","title":{"rendered":"Szafa dwudrzwiowa"},"content":{"rendered":"<p>Klasyczna, elegancka i ponadczasowa stylistyka nowojorskiego stylu nie znudzi si\u0119 nikomu.<\/p>\n<p>Szafa\u00a0<strong>\u201eMANHATTAN\u201d<\/strong>\u00a0wyposa\u017cona jest w pojemn\u0105 szuflad\u0119 oraz dr\u0105\u017cek a po swojej lewej stronie posiada system 3 funkcjonalnych p\u00f3\u0142ek.<\/p>\n<p>Korpus mebla wykonany z wysokiej jako\u015bci p\u0142yty laminowanej odpornej na uszkodzenia, a boki ozdobne wykonane z drewna litego lakierowanego lakierem bezbarwnym.<br \/>\nProwadnice i zawiasy posiadaj\u0105 system cicho domykaj\u0105cy.<\/p>","protected":false},"excerpt":{"rendered":"<p>oznaczenie produktu:<br \/>\nT11-01-POP,<br \/>\nT11-01-W<\/p>","protected":false},"featured_media":8090,"template":"","meta":{"inline_featured_image":false},"yoast_head":"<!-- This site is optimized with the Yoast SEO plugin v15.5 - https:\/\/yoast.com\/wordpress\/plugins\/seo\/ -->\n<title>Szafa dwudrzwiowa - Timoore<\/title>\n<meta name=\"robots\" content=\"index, follow, max-snippet:-1, max-image-preview:large, max-video-preview:-1\" \/>\n<link rel=\"canonical\" href=\"https:\/\/timoore.eu\/en\/k\/kolekcja-manhattan\/szafa-dwudrzwiowa\/\" \/>\n<meta property=\"og:locale\" content=\"en_GB\" \/>\n<meta property=\"og:type\" content=\"article\" \/>\n<meta property=\"og:title\" content=\"Szafa dwudrzwiowa - Timoore\" \/>\n<meta property=\"og:description\" content=\"oznaczenie produktu: T11-01-POP, T11-01-W\" \/>\n<meta property=\"og:url\" content=\"https:\/\/timoore.eu\/en\/k\/kolekcja-manhattan\/szafa-dwudrzwiowa\/\" \/>\n<meta property=\"og:site_name\" content=\"Timoore\" \/>\n<meta property=\"article:publisher\" content=\"https:\/\/www.facebook.com\/MebleABSYNTH\" \/>\n<meta property=\"article:modified_time\" content=\"2020-12-09T23:42:57+00:00\" \/>\n<meta property=\"og:image\" content=\"https:\/\/timoore.eu\/wp-content\/uploads\/2020\/12\/T11-01-B.jpg\" \/>\n\t<meta property=\"og:image:width\" content=\"499\" \/>\n\t<meta property=\"og:image:height\" content=\"499\" \/>\n<meta name=\"twitter:card\" content=\"summary_large_image\" \/>\n<meta name=\"twitter:label1\" content=\"Estimated reading time\">\n\t<meta name=\"twitter:data1\" content=\"0 minutes\">\n<script type=\"application\/ld+json\" class=\"yoast-schema-graph\">{\"@context\":\"https:\/\/schema.org\",\"@graph\":[{\"@type\":\"WebSite\",\"@id\":\"https:\/\/timoore.eu\/pl\/#website\",\"url\":\"https:\/\/timoore.eu\/pl\/\",\"name\":\"Timoore\",\"description\":\"Meble tworz\\u0105 wn\\u0119trze\",\"potentialAction\":[{\"@type\":\"SearchAction\",\"target\":\"https:\/\/timoore.eu\/pl\/?s={search_term_string}\",\"query-input\":\"required name=search_term_string\"}],\"inLanguage\":\"en-GB\"},{\"@type\":\"ImageObject\",\"@id\":\"https:\/\/timoore.eu\/k\/kolekcja-manhattan\/szafa-dwudrzwiowa\/#primaryimage\",\"inLanguage\":\"en-GB\",\"url\":\"https:\/\/timoore.eu\/wp-content\/uploads\/2020\/12\/T11-01-B.jpg\",\"width\":499,\"height\":499},{\"@type\":\"WebPage\",\"@id\":\"https:\/\/timoore.eu\/k\/kolekcja-manhattan\/szafa-dwudrzwiowa\/#webpage\",\"url\":\"https:\/\/timoore.eu\/k\/kolekcja-manhattan\/szafa-dwudrzwiowa\/\",\"name\":\"Szafa dwudrzwiowa - Timoore\",\"isPartOf\":{\"@id\":\"https:\/\/timoore.eu\/pl\/#website\"},\"primaryImageOfPage\":{\"@id\":\"https:\/\/timoore.eu\/k\/kolekcja-manhattan\/szafa-dwudrzwiowa\/#primaryimage\"},\"datePublished\":\"2020-12-09T23:37:18+00:00\",\"dateModified\":\"2020-12-09T23:42:57+00:00\",\"inLanguage\":\"en-GB\",\"potentialAction\":[{\"@type\":\"ReadAction\",\"target\":[\"https:\/\/timoore.eu\/k\/kolekcja-manhattan\/szafa-dwudrzwiowa\/\"]}]}]}<\/script>\n<!-- \/ Yoast SEO plugin. -->","_links":{"self":[{"href":"https:\/\/timoore.eu\/en\/wp-json\/wp\/v2\/product\/8089"}],"collection":[{"href":"https:\/\/timoore.eu\/en\/wp-json\/wp\/v2\/product"}],"about":[{"href":"https:\/\/timoore.eu\/en\/wp-json\/wp\/v2\/types\/product"}],"wp:featuredmedia":[{"embeddable":true,"href":"https:\/\/timoore.eu\/en\/wp-json\/wp\/v2\/media\/8090"}],"wp:attachment":[{"href":"https:\/\/timoore.eu\/en\/wp-json\/wp\/v2\/media?parent=8089"}],"curies":[{"name":"wp","href":"https:\/\/api.w.org\/{rel}","templated":true}]}}