{"id":8149,"date":"2020-12-12T02:02:59","date_gmt":"2020-12-12T01:02:59","guid":{"rendered":"https:\/\/timoore.com.pl\/?post_type=product&#038;p=8149"},"modified":"2020-12-12T02:05:24","modified_gmt":"2020-12-12T01:05:24","slug":"regal-drabinka","status":"publish","type":"product","link":"https:\/\/timoore.eu\/en\/k\/kolekcja-magi\/regal-drabinka\/","title":{"rendered":"Rega\u0142 drabinka"},"content":{"rendered":"<p>Ten lekki, przeno\u015bny mebel doskonale wpisuje si\u0119 w najnowsze skandynawskie trendy.  Idealnie pos\u0142u\u017cy jako podstawa na zabawki, ksi\u0105\u017cki , kwiatki  w pokoju niemowl\u0119cia lub nastolatka.<br \/>\nA przy odpowiednim ustawieniu w nienarzucaj\u0105cy spos\u00f3b podzieli przestrze\u0144. <\/p>\n<p>P\u00f3\u0142ki rega\u0142u wykonane s\u0105 z wysokiej jako\u015bci p\u0142yty laminowanej  w kolorze \u015bnie\u017cnej bieli , rama wykonana z naturalnej sklejki brzozowej.<\/p>\n<p><strong>Informacje o produkcie:<\/strong><br \/>\n&#8211; p\u00f3\u0142ki wykonane z najwy\u017cszej jako\u015bci bia\u0142ej p\u0142yty laminowanej<br \/>\n&#8211; rama wykonana z naturalnej sklejki lakierowanej w\u0142osk\u0105 farb\u0105 z certyfikatami UE<br \/>\n&#8211; produkt do samodzielnego monta\u017cu<\/p>","protected":false},"excerpt":{"rendered":"<p><strong>oznaczenie produktu:<\/strong><br \/>\nT10-07-W-BS<\/p>","protected":false},"featured_media":8150,"template":"","meta":{"inline_featured_image":false},"yoast_head":"<!-- This site is optimized with the Yoast SEO plugin v15.5 - https:\/\/yoast.com\/wordpress\/plugins\/seo\/ -->\n<title>Rega\u0142 drabinka - Timoore<\/title>\n<meta name=\"robots\" content=\"index, follow, max-snippet:-1, max-image-preview:large, max-video-preview:-1\" \/>\n<link rel=\"canonical\" href=\"https:\/\/timoore.eu\/en\/k\/kolekcja-magi\/regal-drabinka\/\" \/>\n<meta property=\"og:locale\" content=\"en_GB\" \/>\n<meta property=\"og:type\" content=\"article\" \/>\n<meta property=\"og:title\" content=\"Rega\u0142 drabinka - Timoore\" \/>\n<meta property=\"og:description\" content=\"oznaczenie produktu: T10-07-W-BS\" \/>\n<meta property=\"og:url\" content=\"https:\/\/timoore.eu\/en\/k\/kolekcja-magi\/regal-drabinka\/\" \/>\n<meta property=\"og:site_name\" content=\"Timoore\" \/>\n<meta property=\"article:publisher\" content=\"https:\/\/www.facebook.com\/MebleABSYNTH\" \/>\n<meta property=\"article:modified_time\" content=\"2020-12-12T01:05:24+00:00\" \/>\n<meta property=\"og:image\" content=\"https:\/\/timoore.eu\/wp-content\/uploads\/2020\/12\/shelf-mini.jpg\" \/>\n\t<meta property=\"og:image:width\" content=\"499\" \/>\n\t<meta property=\"og:image:height\" content=\"499\" \/>\n<meta name=\"twitter:card\" content=\"summary_large_image\" \/>\n<meta name=\"twitter:label1\" content=\"Estimated reading time\">\n\t<meta name=\"twitter:data1\" content=\"0 minutes\">\n<script type=\"application\/ld+json\" class=\"yoast-schema-graph\">{\"@context\":\"https:\/\/schema.org\",\"@graph\":[{\"@type\":\"WebSite\",\"@id\":\"https:\/\/timoore.eu\/pl\/#website\",\"url\":\"https:\/\/timoore.eu\/pl\/\",\"name\":\"Timoore\",\"description\":\"Meble tworz\\u0105 wn\\u0119trze\",\"potentialAction\":[{\"@type\":\"SearchAction\",\"target\":\"https:\/\/timoore.eu\/pl\/?s={search_term_string}\",\"query-input\":\"required name=search_term_string\"}],\"inLanguage\":\"en-GB\"},{\"@type\":\"ImageObject\",\"@id\":\"https:\/\/timoore.eu\/k\/kolekcja-magi\/regal-drabinka\/#primaryimage\",\"inLanguage\":\"en-GB\",\"url\":\"https:\/\/timoore.eu\/wp-content\/uploads\/2020\/12\/shelf-mini.jpg\",\"width\":499,\"height\":499,\"caption\":\"Magi rega\\u0142\"},{\"@type\":\"WebPage\",\"@id\":\"https:\/\/timoore.eu\/k\/kolekcja-magi\/regal-drabinka\/#webpage\",\"url\":\"https:\/\/timoore.eu\/k\/kolekcja-magi\/regal-drabinka\/\",\"name\":\"Rega\\u0142 drabinka - Timoore\",\"isPartOf\":{\"@id\":\"https:\/\/timoore.eu\/pl\/#website\"},\"primaryImageOfPage\":{\"@id\":\"https:\/\/timoore.eu\/k\/kolekcja-magi\/regal-drabinka\/#primaryimage\"},\"datePublished\":\"2020-12-12T01:02:59+00:00\",\"dateModified\":\"2020-12-12T01:05:24+00:00\",\"inLanguage\":\"en-GB\",\"potentialAction\":[{\"@type\":\"ReadAction\",\"target\":[\"https:\/\/timoore.eu\/k\/kolekcja-magi\/regal-drabinka\/\"]}]}]}<\/script>\n<!-- \/ Yoast SEO plugin. -->","_links":{"self":[{"href":"https:\/\/timoore.eu\/en\/wp-json\/wp\/v2\/product\/8149"}],"collection":[{"href":"https:\/\/timoore.eu\/en\/wp-json\/wp\/v2\/product"}],"about":[{"href":"https:\/\/timoore.eu\/en\/wp-json\/wp\/v2\/types\/product"}],"wp:featuredmedia":[{"embeddable":true,"href":"https:\/\/timoore.eu\/en\/wp-json\/wp\/v2\/media\/8150"}],"wp:attachment":[{"href":"https:\/\/timoore.eu\/en\/wp-json\/wp\/v2\/media?parent=8149"}],"curies":[{"name":"wp","href":"https:\/\/api.w.org\/{rel}","templated":true}]}}