{"id":8153,"date":"2020-12-12T02:10:00","date_gmt":"2020-12-12T01:10:00","guid":{"rendered":"https:\/\/timoore.com.pl\/?post_type=product&#038;p=8153"},"modified":"2020-12-12T02:13:07","modified_gmt":"2020-12-12T01:13:07","slug":"tapczanik-lozko-w-lozku","status":"publish","type":"product","link":"https:\/\/timoore.eu\/en\/k\/kolekcja-magi\/tapczanik-lozko-w-lozku\/","title":{"rendered":"Tapczanik \u0142\u00f3\u017cko w \u0142\u00f3\u017cku"},"content":{"rendered":"<p>Proste nowoczesne \u0142\u00f3\u017cko m\u0142odzie\u017cowe wykonane z naturalnej sklejki lakierowanej w\u0142ok\u0105 farb\u0105 z certyfikatami UE. Idealnie wpisuje si\u0119 w aktualne trendy skandynawskie a co najwa\u017cniejsze jest \u0142\u00f3\u017ckiem w \u0142\u00f3\u017cku. Nadaje si\u0119 do pokoiku jedynaka ale r\u00f3wnie\u017c dla rodze\u0144stwa. \u0141atwo zestawiaj\u0105c g\u00f3r\u0119 zyskujesz dodatkowe spanie . \u0141\u00f3\u017cka nie musz\u0105 sta\u0107 obok siebie gdy\u017c ka\u017cde z nich jest w pe\u0142ni samodzielnym meblem.  A dzi\u0119ki swojej minimalistycznej formie jest idealne do pokoju dziecka i nastolatka<\/p>\n<p><strong>Informacje o produkcie:<\/strong><br \/>\n&#8211;  \u0142\u00f3zko wykonane jest z  naturalnej sklejki lakierowanej w\u0142osk\u0105 farb\u0105 z certyfikatami UE<br \/>\n&#8211;  produkt do samodzielnego monta\u017cu<br \/>\n&#8211;  \u0142\u00f3\u017cko w cenie posiada wk\u0142ad listewkowy<br \/>\n&#8211; materac jest osobn\u0105 pozycja cenow\u0105, dedykowany rozmiar materaca to 200x90x15h<br \/>\n&#8211; przeznaczone dla dzieci 6+<\/p>","protected":false},"excerpt":{"rendered":"<p><strong>oznaczenie produktu:<\/strong><br \/>\nT10-09-BS<\/p>","protected":false},"featured_media":8154,"template":"","meta":{"inline_featured_image":false},"yoast_head":"<!-- This site is optimized with the Yoast SEO plugin v15.5 - https:\/\/yoast.com\/wordpress\/plugins\/seo\/ -->\n<title>Tapczanik \u0142\u00f3\u017cko w \u0142\u00f3\u017cku - Timoore<\/title>\n<meta name=\"robots\" content=\"index, follow, max-snippet:-1, max-image-preview:large, max-video-preview:-1\" \/>\n<link rel=\"canonical\" href=\"https:\/\/timoore.eu\/en\/k\/kolekcja-magi\/tapczanik-lozko-w-lozku\/\" \/>\n<meta property=\"og:locale\" content=\"en_GB\" \/>\n<meta property=\"og:type\" content=\"article\" \/>\n<meta property=\"og:title\" content=\"Tapczanik \u0142\u00f3\u017cko w \u0142\u00f3\u017cku - Timoore\" \/>\n<meta property=\"og:description\" content=\"oznaczenie produktu: T10-09-BS\" \/>\n<meta property=\"og:url\" content=\"https:\/\/timoore.eu\/en\/k\/kolekcja-magi\/tapczanik-lozko-w-lozku\/\" \/>\n<meta property=\"og:site_name\" content=\"Timoore\" \/>\n<meta property=\"article:publisher\" content=\"https:\/\/www.facebook.com\/MebleABSYNTH\" \/>\n<meta property=\"article:modified_time\" content=\"2020-12-12T01:13:07+00:00\" \/>\n<meta property=\"og:image\" content=\"https:\/\/timoore.eu\/wp-content\/uploads\/2020\/12\/bed-in-bed-mini.jpg\" \/>\n\t<meta property=\"og:image:width\" content=\"499\" \/>\n\t<meta property=\"og:image:height\" content=\"299\" \/>\n<meta name=\"twitter:card\" content=\"summary_large_image\" \/>\n<meta name=\"twitter:label1\" content=\"Estimated reading time\">\n\t<meta name=\"twitter:data1\" content=\"1 minute\">\n<script type=\"application\/ld+json\" class=\"yoast-schema-graph\">{\"@context\":\"https:\/\/schema.org\",\"@graph\":[{\"@type\":\"WebSite\",\"@id\":\"https:\/\/timoore.eu\/pl\/#website\",\"url\":\"https:\/\/timoore.eu\/pl\/\",\"name\":\"Timoore\",\"description\":\"Meble tworz\\u0105 wn\\u0119trze\",\"potentialAction\":[{\"@type\":\"SearchAction\",\"target\":\"https:\/\/timoore.eu\/pl\/?s={search_term_string}\",\"query-input\":\"required name=search_term_string\"}],\"inLanguage\":\"en-GB\"},{\"@type\":\"ImageObject\",\"@id\":\"https:\/\/timoore.eu\/k\/kolekcja-magi\/tapczanik-lozko-w-lozku\/#primaryimage\",\"inLanguage\":\"en-GB\",\"url\":\"https:\/\/timoore.eu\/wp-content\/uploads\/2020\/12\/bed-in-bed-mini.jpg\",\"width\":499,\"height\":299,\"caption\":\"Magi \\u0142\\u00f3\\u017cko w \\u0142\\u00f3\\u017cku\"},{\"@type\":\"WebPage\",\"@id\":\"https:\/\/timoore.eu\/k\/kolekcja-magi\/tapczanik-lozko-w-lozku\/#webpage\",\"url\":\"https:\/\/timoore.eu\/k\/kolekcja-magi\/tapczanik-lozko-w-lozku\/\",\"name\":\"Tapczanik \\u0142\\u00f3\\u017cko w \\u0142\\u00f3\\u017cku - Timoore\",\"isPartOf\":{\"@id\":\"https:\/\/timoore.eu\/pl\/#website\"},\"primaryImageOfPage\":{\"@id\":\"https:\/\/timoore.eu\/k\/kolekcja-magi\/tapczanik-lozko-w-lozku\/#primaryimage\"},\"datePublished\":\"2020-12-12T01:10:00+00:00\",\"dateModified\":\"2020-12-12T01:13:07+00:00\",\"inLanguage\":\"en-GB\",\"potentialAction\":[{\"@type\":\"ReadAction\",\"target\":[\"https:\/\/timoore.eu\/k\/kolekcja-magi\/tapczanik-lozko-w-lozku\/\"]}]}]}<\/script>\n<!-- \/ Yoast SEO plugin. -->","_links":{"self":[{"href":"https:\/\/timoore.eu\/en\/wp-json\/wp\/v2\/product\/8153"}],"collection":[{"href":"https:\/\/timoore.eu\/en\/wp-json\/wp\/v2\/product"}],"about":[{"href":"https:\/\/timoore.eu\/en\/wp-json\/wp\/v2\/types\/product"}],"wp:featuredmedia":[{"embeddable":true,"href":"https:\/\/timoore.eu\/en\/wp-json\/wp\/v2\/media\/8154"}],"wp:attachment":[{"href":"https:\/\/timoore.eu\/en\/wp-json\/wp\/v2\/media?parent=8153"}],"curies":[{"name":"wp","href":"https:\/\/api.w.org\/{rel}","templated":true}]}}