{"id":8346,"date":"2020-12-19T01:43:53","date_gmt":"2020-12-19T00:43:53","guid":{"rendered":"https:\/\/timoore.com.pl\/?post_type=product&#038;p=8346"},"modified":"2020-12-19T01:47:03","modified_gmt":"2020-12-19T00:47:03","slug":"lozeczko-tapczanik-first","status":"publish","type":"product","link":"https:\/\/timoore.eu\/en\/k\/kolekcja-first\/lozeczko-tapczanik-first\/","title":{"rendered":"\u0141\u00f3\u017ceczko &#8211; tapczanik &#8222;FIRST&#8221;"},"content":{"rendered":"<p style=\"font-weight: 400;\"><strong>\u201eFirst\u201d<\/strong>\u00a0to niezwyk\u0142e \u0142\u00f3\u017ceczko zaprojektowane z my\u015bl\u0105 o noworodkach i dzieciach w wieku niemowl\u0119cym. Oparte o najwy\u017cszej jako\u015bci materia\u0142y, produkowane z zachowaniem szczeg\u00f3lnej wra\u017cliwo\u015bci na zagadnienia zwi\u0105zane z\u00a0 ekologi\u0105. \u00a0Wszystkie elementy drewniane (tak\u017ce forniry) pokrywane s\u0105 r\u0119cznie bezpiecznymi,\u00a0<strong>naturalnymi olejami ro\u015blinnymi.<\/strong>\u00a0Szczebelki \u0142\u00f3\u017ceczka pokrywane s\u0105\u00a0<strong>ekologicznymi lakierami antyalergicznymi \u00a0z atestami\u00a0<\/strong>certyfikowana zgodnie z norm\u0105 EN71\/3. \u0141\u00f3\u017ceczko mo\u017cna \u0142atwo przekszta\u0142ci\u0107 w tapczanik dla starszego dziecka. Posiada 3 regulacje wysoko\u015bci oraz 2 wyjmowane szczebelki.<\/p>\n<p>&nbsp;<\/p>\n<p style=\"font-weight: 400;\"><strong>Dodatkowe informacje:<\/strong><br \/>\n-do \u0142\u00f3\u017ceczka pasuje materac o wymiarach: 140cmx70 cm<br \/>\n-okres u\u017cytkowania: do oko\u0142o 6 roku.<\/p>\n<p style=\"font-weight: 400;\"><strong>Wykonanie:<\/strong><br \/>\n&#8211; najwy\u017cszej jako\u015bci p\u0142yta MDF oraz okleina naturalna d\u0119bowa.<\/p>\n<p style=\"font-weight: 400;\">&#8211; lakierowane farb\u0105, bezpieczn\u0105 dla dzieci, certyfikowana zgodnie z norm\u0105 EN71\/3<\/p>\n<p style=\"font-weight: 400;\">-przeznaczone dla dzieci 0-3 lat<\/p>","protected":false},"excerpt":{"rendered":"<p><strong>oznaczenie produktu:<\/strong><br \/>\nT02-09-C-O,<br \/>\nT02-09-G-O,<br \/>\nT02-09-B-O,<br \/>\nT02-09-O-O,<br \/>\nT02-09-P-O<\/p>","protected":false},"featured_media":8347,"template":"","meta":{"inline_featured_image":false},"yoast_head":"<!-- This site is optimized with the Yoast SEO plugin v15.5 - https:\/\/yoast.com\/wordpress\/plugins\/seo\/ -->\n<title>\u0141\u00f3\u017ceczko - tapczanik &quot;FIRST&quot; - Timoore<\/title>\n<meta name=\"robots\" content=\"index, follow, max-snippet:-1, max-image-preview:large, max-video-preview:-1\" \/>\n<link rel=\"canonical\" href=\"https:\/\/timoore.eu\/en\/k\/kolekcja-first\/lozeczko-tapczanik-first\/\" \/>\n<meta property=\"og:locale\" content=\"en_GB\" \/>\n<meta property=\"og:type\" content=\"article\" \/>\n<meta property=\"og:title\" content=\"\u0141\u00f3\u017ceczko - tapczanik &quot;FIRST&quot; - Timoore\" \/>\n<meta property=\"og:description\" content=\"oznaczenie produktu: T02-09-C-O, T02-09-G-O, T02-09-B-O, T02-09-O-O, T02-09-P-O\" \/>\n<meta property=\"og:url\" content=\"https:\/\/timoore.eu\/en\/k\/kolekcja-first\/lozeczko-tapczanik-first\/\" \/>\n<meta property=\"og:site_name\" content=\"Timoore\" \/>\n<meta property=\"article:publisher\" content=\"https:\/\/www.facebook.com\/MebleABSYNTH\" \/>\n<meta property=\"article:modified_time\" content=\"2020-12-19T00:47:03+00:00\" \/>\n<meta property=\"og:image\" content=\"https:\/\/timoore.eu\/wp-content\/uploads\/2020\/12\/T02-09-C-O_big.jpg\" \/>\n\t<meta property=\"og:image:width\" content=\"800\" \/>\n\t<meta property=\"og:image:height\" content=\"600\" \/>\n<meta name=\"twitter:card\" content=\"summary_large_image\" \/>\n<meta name=\"twitter:label1\" content=\"Estimated reading time\">\n\t<meta name=\"twitter:data1\" content=\"1 minute\">\n<script type=\"application\/ld+json\" class=\"yoast-schema-graph\">{\"@context\":\"https:\/\/schema.org\",\"@graph\":[{\"@type\":\"WebSite\",\"@id\":\"https:\/\/timoore.eu\/pl\/#website\",\"url\":\"https:\/\/timoore.eu\/pl\/\",\"name\":\"Timoore\",\"description\":\"Meble tworz\\u0105 wn\\u0119trze\",\"potentialAction\":[{\"@type\":\"SearchAction\",\"target\":\"https:\/\/timoore.eu\/pl\/?s={search_term_string}\",\"query-input\":\"required name=search_term_string\"}],\"inLanguage\":\"en-GB\"},{\"@type\":\"ImageObject\",\"@id\":\"https:\/\/timoore.eu\/k\/kolekcja-first\/lozeczko-tapczanik-first\/#primaryimage\",\"inLanguage\":\"en-GB\",\"url\":\"https:\/\/timoore.eu\/wp-content\/uploads\/2020\/12\/T02-09-C-O_big.jpg\",\"width\":800,\"height\":600,\"caption\":\"FIRST - \\u0142\\u00f3\\u017ceczko-tapczanik\"},{\"@type\":\"WebPage\",\"@id\":\"https:\/\/timoore.eu\/k\/kolekcja-first\/lozeczko-tapczanik-first\/#webpage\",\"url\":\"https:\/\/timoore.eu\/k\/kolekcja-first\/lozeczko-tapczanik-first\/\",\"name\":\"\\u0141\\u00f3\\u017ceczko - tapczanik \\\"FIRST\\\" - Timoore\",\"isPartOf\":{\"@id\":\"https:\/\/timoore.eu\/pl\/#website\"},\"primaryImageOfPage\":{\"@id\":\"https:\/\/timoore.eu\/k\/kolekcja-first\/lozeczko-tapczanik-first\/#primaryimage\"},\"datePublished\":\"2020-12-19T00:43:53+00:00\",\"dateModified\":\"2020-12-19T00:47:03+00:00\",\"inLanguage\":\"en-GB\",\"potentialAction\":[{\"@type\":\"ReadAction\",\"target\":[\"https:\/\/timoore.eu\/k\/kolekcja-first\/lozeczko-tapczanik-first\/\"]}]}]}<\/script>\n<!-- \/ Yoast SEO plugin. -->","_links":{"self":[{"href":"https:\/\/timoore.eu\/en\/wp-json\/wp\/v2\/product\/8346"}],"collection":[{"href":"https:\/\/timoore.eu\/en\/wp-json\/wp\/v2\/product"}],"about":[{"href":"https:\/\/timoore.eu\/en\/wp-json\/wp\/v2\/types\/product"}],"wp:featuredmedia":[{"embeddable":true,"href":"https:\/\/timoore.eu\/en\/wp-json\/wp\/v2\/media\/8347"}],"wp:attachment":[{"href":"https:\/\/timoore.eu\/en\/wp-json\/wp\/v2\/media?parent=8346"}],"curies":[{"name":"wp","href":"https:\/\/api.w.org\/{rel}","templated":true}]}}