{"id":8392,"date":"2020-12-20T01:24:30","date_gmt":"2020-12-20T00:24:30","guid":{"rendered":"https:\/\/timoore.com.pl\/?post_type=product&#038;p=8392"},"modified":"2020-12-20T01:29:50","modified_gmt":"2020-12-20T00:29:50","slug":"tapczanik-simple","status":"publish","type":"product","link":"https:\/\/timoore.eu\/en\/k\/kolekcja-simple\/tapczanik-simple\/","title":{"rendered":"Tapczanik &#8222;SIMPLE&#8221;"},"content":{"rendered":"<p>Obok \u0142\u00f3\u017cka rozsuwanego i pi\u0119trowego to ju\u017c trzeci mebel w kolekcji SiMPLE przeznaczony do spania i wypoczynku. Tapczanik (odmiennie ni\u017c w przypadku dw\u00f3ch wymienionych \u0142\u00f3\u017cek) zosta\u0142 zaprojektowany w oparciu o materac o wymiarach 180&#215;80 cm. Mo\u017ce funkcjonowa\u0107 jako samodzielny mebel, mo\u017ce by\u0107 tak\u017ce zestawiany z \u0142\u00f3\u017ckiem pi\u0119trowym, tworz\u0105c wygodne miejsce do spania dla dwojga dzieci. Lekka, a przy tym wyj\u0105tkowo stabilna konstrukcja, charakterystyczne drewniane k\u00f3\u0142ka, zag\u0142owie wyst\u0119puj\u0105ce w czterech kolorach i materac o wymiarach 180x80cm to podstawowe cechy okre\u015blaj\u0105ce tapczanik \u201eSIMPLE\u201d.<\/p>\n<p><strong>Uwaga ! Meble wykonane s\u0105 z naturalnych materia\u0142\u00f3w ,dlatego te\u017c dopuszczamy mo\u017cliwo\u015b\u0107 ja\u015bniejszych i ciemniejszych odcieni drewna w danej partii towaru.<\/strong><\/p>\n<p>&nbsp;<\/p>\n<h4>G\u0142\u00f3wne cechy:<\/h4>\n<ul>\n<li>oryginalne wzornictwo<\/li>\n<li>charakterystyczne, drewniane k\u00f3\u0142ka<\/li>\n<li>kompaktowe rozmiary<\/li>\n<li>bezpieczne, zaokr\u0105glone naro\u017cniki<\/li>\n<li>wielofunkcyjno\u015b\u0107<\/li>\n<\/ul>\n<p>&nbsp;<\/p>\n<p><strong>Nowa linia Light Line by Timoore:<\/strong><\/p>\n<p>Korpus zewn\u0119trzny z tarcicy bukowej i laminatu, korpus wewn\u0119trzny z laminatu, fronty laminowane w pi\u0119ciu wersjach kolorystycznych: kremowy: niebieski, zielony, r\u00f3\u017cowy, pomara\u0144czowy. Elementy kolorowe- \u00a0p\u0142yta MDF.<\/p>\n<table border=\"0\" width=\"480\" cellspacing=\"0\" cellpadding=\"0\" align=\"center\">\n<tbody>\n<tr>\n<td align=\"left\" valign=\"top\"><\/td>\n<\/tr>\n<\/tbody>\n<\/table>","protected":false},"excerpt":{"rendered":"<p><strong>oznaczenie produktu:<\/strong><br \/>\nT01-21-B-B,<br \/>\nT01-21-P-B,<br \/>\nT01-21-G-B,<br \/>\nT01-21-O-B<\/p>","protected":false},"featured_media":8393,"template":"","meta":{"inline_featured_image":false},"yoast_head":"<!-- This site is optimized with the Yoast SEO plugin v15.5 - https:\/\/yoast.com\/wordpress\/plugins\/seo\/ -->\n<title>Tapczanik &quot;SIMPLE&quot; - Timoore<\/title>\n<meta name=\"robots\" content=\"index, follow, max-snippet:-1, max-image-preview:large, max-video-preview:-1\" \/>\n<link rel=\"canonical\" href=\"https:\/\/timoore.eu\/en\/k\/kolekcja-simple\/tapczanik-simple\/\" \/>\n<meta property=\"og:locale\" content=\"en_GB\" \/>\n<meta property=\"og:type\" content=\"article\" \/>\n<meta property=\"og:title\" content=\"Tapczanik &quot;SIMPLE&quot; - Timoore\" \/>\n<meta property=\"og:description\" content=\"oznaczenie produktu: T01-21-B-B, T01-21-P-B, T01-21-G-B, T01-21-O-B\" \/>\n<meta property=\"og:url\" content=\"https:\/\/timoore.eu\/en\/k\/kolekcja-simple\/tapczanik-simple\/\" \/>\n<meta property=\"og:site_name\" content=\"Timoore\" \/>\n<meta property=\"article:publisher\" content=\"https:\/\/www.facebook.com\/MebleABSYNTH\" \/>\n<meta property=\"article:modified_time\" content=\"2020-12-20T00:29:50+00:00\" \/>\n<meta property=\"og:image\" content=\"https:\/\/timoore.eu\/wp-content\/uploads\/2020\/12\/T01-21-B-B_big.jpg\" \/>\n\t<meta property=\"og:image:width\" content=\"800\" \/>\n\t<meta property=\"og:image:height\" content=\"600\" \/>\n<meta name=\"twitter:card\" content=\"summary_large_image\" \/>\n<meta name=\"twitter:label1\" content=\"Estimated reading time\">\n\t<meta name=\"twitter:data1\" content=\"1 minute\">\n<script type=\"application\/ld+json\" class=\"yoast-schema-graph\">{\"@context\":\"https:\/\/schema.org\",\"@graph\":[{\"@type\":\"WebSite\",\"@id\":\"https:\/\/timoore.eu\/pl\/#website\",\"url\":\"https:\/\/timoore.eu\/pl\/\",\"name\":\"Timoore\",\"description\":\"Meble tworz\\u0105 wn\\u0119trze\",\"potentialAction\":[{\"@type\":\"SearchAction\",\"target\":\"https:\/\/timoore.eu\/pl\/?s={search_term_string}\",\"query-input\":\"required name=search_term_string\"}],\"inLanguage\":\"en-GB\"},{\"@type\":\"ImageObject\",\"@id\":\"https:\/\/timoore.eu\/k\/kolekcja-simple\/tapczanik-simple\/#primaryimage\",\"inLanguage\":\"en-GB\",\"url\":\"https:\/\/timoore.eu\/wp-content\/uploads\/2020\/12\/T01-21-B-B_big.jpg\",\"width\":800,\"height\":600,\"caption\":\"SIMPLE - tapczanik\"},{\"@type\":\"WebPage\",\"@id\":\"https:\/\/timoore.eu\/k\/kolekcja-simple\/tapczanik-simple\/#webpage\",\"url\":\"https:\/\/timoore.eu\/k\/kolekcja-simple\/tapczanik-simple\/\",\"name\":\"Tapczanik \\\"SIMPLE\\\" - Timoore\",\"isPartOf\":{\"@id\":\"https:\/\/timoore.eu\/pl\/#website\"},\"primaryImageOfPage\":{\"@id\":\"https:\/\/timoore.eu\/k\/kolekcja-simple\/tapczanik-simple\/#primaryimage\"},\"datePublished\":\"2020-12-20T00:24:30+00:00\",\"dateModified\":\"2020-12-20T00:29:50+00:00\",\"inLanguage\":\"en-GB\",\"potentialAction\":[{\"@type\":\"ReadAction\",\"target\":[\"https:\/\/timoore.eu\/k\/kolekcja-simple\/tapczanik-simple\/\"]}]}]}<\/script>\n<!-- \/ Yoast SEO plugin. -->","_links":{"self":[{"href":"https:\/\/timoore.eu\/en\/wp-json\/wp\/v2\/product\/8392"}],"collection":[{"href":"https:\/\/timoore.eu\/en\/wp-json\/wp\/v2\/product"}],"about":[{"href":"https:\/\/timoore.eu\/en\/wp-json\/wp\/v2\/types\/product"}],"wp:featuredmedia":[{"embeddable":true,"href":"https:\/\/timoore.eu\/en\/wp-json\/wp\/v2\/media\/8393"}],"wp:attachment":[{"href":"https:\/\/timoore.eu\/en\/wp-json\/wp\/v2\/media?parent=8392"}],"curies":[{"name":"wp","href":"https:\/\/api.w.org\/{rel}","templated":true}]}}