{"id":8413,"date":"2020-12-21T12:33:38","date_gmt":"2020-12-21T11:33:38","guid":{"rendered":"https:\/\/timoore.com.pl\/?post_type=product&#038;p=8413"},"modified":"2020-12-21T12:36:53","modified_gmt":"2020-12-21T11:36:53","slug":"komoda-3-szufladowa","status":"publish","type":"product","link":"https:\/\/timoore.eu\/en\/k\/kolekcja-simple\/komoda-3-szufladowa\/","title":{"rendered":"Komoda 3-szufladowa"},"content":{"rendered":"<p><strong>Linia Design By Timoore<\/strong><\/p>\n<p>&nbsp;<\/p>\n<p>Co, je\u015bli sama szafa nie wystarczy? W\u00f3wczas najlepszym rozwi\u0105zaniem b\u0119dzie komoda. Bo gdzie, jak nie w komodzie pomie\u015bci\u0107 reszt\u0119 ubranek Twojego dziecka? Trzy, w pe\u0142ni wysuwane, pojemne szuflady pomog\u0105 Ci w uporz\u0105dkowaniu dzieci\u0119cego \u015bwiata.<\/p>\n<h4>G\u0142\u00f3wne cechy:<\/h4>\n<ul>\n<li>oryginalne wzornictwo<\/li>\n<li>stabilna rama z litego drewna\u00a0bukowego\u00a0zapewniaj\u0105ca sztywno\u015b\u0107 i wytrzyma\u0142o\u015b\u0107 konstrukcji.<\/li>\n<li>system prowadzenia szuflad umo\u017cliwiaj\u0105cy ca\u0142kowite ich wysuni\u0119cie bez mo\u017cliwo\u015bci przypadkowego wyj\u0119cia (bezpieczna szuflada dla Twojego dziecka, bez ryzyka wyj\u0119cia i upuszczenia)<\/li>\n<li>du\u017ce, wygodne uchwyty<\/li>\n<li>bezpieczne, zaokr\u0105glone naro\u017cniki<\/li>\n<\/ul>\n<p><strong>Uwaga ! Meble wykonane s\u0105 z naturalnych materia\u0142\u00f3w ,dlatego te\u017c dopuszczamy mo\u017cliwo\u015b\u0107 ja\u015bniejszych i ciemniejszych odcieni drewna w danej partii towaru.<\/strong><\/p>\n<p>&nbsp;<\/p>\n<p><strong>Nowa linia Light Line by Timoore:<\/strong><\/p>\n<p>Korpus zewn\u0119trzny z tarcicy bukowej i laminatu, korpus wewn\u0119trzny z laminatu, fronty laminowane w pi\u0119ciu wersjach kolorystycznych: kremowy: niebieski, zielony, r\u00f3\u017cowy, pomara\u0144czowy. Elementy kolorowe- \u00a0p\u0142yta MDF.<\/p>","protected":false},"excerpt":{"rendered":"<p><strong>oznaczenie produktu:<\/strong><br \/>\nT01-04-B-B,<br \/>\nT01-04-P-B,<br \/>\nT01-04-G-B,<br \/>\nT01-04-O-B<\/p>","protected":false},"featured_media":8414,"template":"","meta":{"inline_featured_image":false},"yoast_head":"<!-- This site is optimized with the Yoast SEO plugin v15.5 - https:\/\/yoast.com\/wordpress\/plugins\/seo\/ -->\n<title>Komoda 3-szufladowa - Timoore<\/title>\n<meta name=\"robots\" content=\"index, follow, max-snippet:-1, max-image-preview:large, max-video-preview:-1\" \/>\n<link rel=\"canonical\" href=\"https:\/\/timoore.eu\/en\/k\/kolekcja-simple\/komoda-3-szufladowa\/\" \/>\n<meta property=\"og:locale\" content=\"en_GB\" \/>\n<meta property=\"og:type\" content=\"article\" \/>\n<meta property=\"og:title\" content=\"Komoda 3-szufladowa - Timoore\" \/>\n<meta property=\"og:description\" content=\"oznaczenie produktu: T01-04-B-B, T01-04-P-B, T01-04-G-B, T01-04-O-B\" \/>\n<meta property=\"og:url\" content=\"https:\/\/timoore.eu\/en\/k\/kolekcja-simple\/komoda-3-szufladowa\/\" \/>\n<meta property=\"og:site_name\" content=\"Timoore\" \/>\n<meta property=\"article:publisher\" content=\"https:\/\/www.facebook.com\/MebleABSYNTH\" \/>\n<meta property=\"article:modified_time\" content=\"2020-12-21T11:36:53+00:00\" \/>\n<meta property=\"og:image\" content=\"https:\/\/timoore.eu\/wp-content\/uploads\/2020\/12\/T01-04-B-B_big.jpg\" \/>\n\t<meta property=\"og:image:width\" content=\"800\" \/>\n\t<meta property=\"og:image:height\" content=\"600\" \/>\n<meta name=\"twitter:card\" content=\"summary_large_image\" \/>\n<meta name=\"twitter:label1\" content=\"Estimated reading time\">\n\t<meta name=\"twitter:data1\" content=\"1 minute\">\n<script type=\"application\/ld+json\" class=\"yoast-schema-graph\">{\"@context\":\"https:\/\/schema.org\",\"@graph\":[{\"@type\":\"WebSite\",\"@id\":\"https:\/\/timoore.eu\/pl\/#website\",\"url\":\"https:\/\/timoore.eu\/pl\/\",\"name\":\"Timoore\",\"description\":\"Meble tworz\\u0105 wn\\u0119trze\",\"potentialAction\":[{\"@type\":\"SearchAction\",\"target\":\"https:\/\/timoore.eu\/pl\/?s={search_term_string}\",\"query-input\":\"required name=search_term_string\"}],\"inLanguage\":\"en-GB\"},{\"@type\":\"ImageObject\",\"@id\":\"https:\/\/timoore.eu\/k\/kolekcja-simple\/komoda-3-szufladowa\/#primaryimage\",\"inLanguage\":\"en-GB\",\"url\":\"https:\/\/timoore.eu\/wp-content\/uploads\/2020\/12\/T01-04-B-B_big.jpg\",\"width\":800,\"height\":600,\"caption\":\"SIMPLE - komoda 3-szufladowa\"},{\"@type\":\"WebPage\",\"@id\":\"https:\/\/timoore.eu\/k\/kolekcja-simple\/komoda-3-szufladowa\/#webpage\",\"url\":\"https:\/\/timoore.eu\/k\/kolekcja-simple\/komoda-3-szufladowa\/\",\"name\":\"Komoda 3-szufladowa - Timoore\",\"isPartOf\":{\"@id\":\"https:\/\/timoore.eu\/pl\/#website\"},\"primaryImageOfPage\":{\"@id\":\"https:\/\/timoore.eu\/k\/kolekcja-simple\/komoda-3-szufladowa\/#primaryimage\"},\"datePublished\":\"2020-12-21T11:33:38+00:00\",\"dateModified\":\"2020-12-21T11:36:53+00:00\",\"inLanguage\":\"en-GB\",\"potentialAction\":[{\"@type\":\"ReadAction\",\"target\":[\"https:\/\/timoore.eu\/k\/kolekcja-simple\/komoda-3-szufladowa\/\"]}]}]}<\/script>\n<!-- \/ Yoast SEO plugin. -->","_links":{"self":[{"href":"https:\/\/timoore.eu\/en\/wp-json\/wp\/v2\/product\/8413"}],"collection":[{"href":"https:\/\/timoore.eu\/en\/wp-json\/wp\/v2\/product"}],"about":[{"href":"https:\/\/timoore.eu\/en\/wp-json\/wp\/v2\/types\/product"}],"wp:featuredmedia":[{"embeddable":true,"href":"https:\/\/timoore.eu\/en\/wp-json\/wp\/v2\/media\/8414"}],"wp:attachment":[{"href":"https:\/\/timoore.eu\/en\/wp-json\/wp\/v2\/media?parent=8413"}],"curies":[{"name":"wp","href":"https:\/\/api.w.org\/{rel}","templated":true}]}}