{"id":8448,"date":"2020-12-22T02:37:37","date_gmt":"2020-12-22T01:37:37","guid":{"rendered":"https:\/\/timoore.com.pl\/?post_type=product&#038;p=8448"},"modified":"2020-12-22T02:39:47","modified_gmt":"2020-12-22T01:39:47","slug":"rama-regalu-pojedynczego","status":"publish","type":"product","link":"https:\/\/timoore.eu\/en\/k\/kolekcja-simple\/rama-regalu-pojedynczego\/","title":{"rendered":"Rama rega\u0142u pojedynczego"},"content":{"rendered":"<p><strong>Linia Design by Timoore:<\/strong><\/p>\n<p>Rama &#8211; pomys\u0142owe rozwi\u0105zanie! Gdy po\u0142\u0105czysz z ni\u0105 dwa, lub trzy kubiki, stworzysz indywidualny zestaw skomponowany dok\u0142adnie pod k\u0105tem potrzeb Twojego dziecka. System rega\u0142\u00f3w, poprzez mo\u017cliwo\u015b\u0107 dowolnego zestawiania bry\u0142 pozwala na swobodn\u0105 i kreatywn\u0105 aran\u017cacj\u0119 dzieci\u0119cego pokoju. Uwaga! Rama rega\u0142u montowana jest bezpo\u015brednio do \u015bciany.<\/p>\n<h4>G\u0142\u00f3wne cechy:<\/h4>\n<ul>\n<li>konstrukcja litego drewna\u00a0bukowego\u00a0zapewniaj\u0105ca sztywno\u015b\u0107 i wytrzyma\u0142o\u015b\u0107 konstrukcji<\/li>\n<li>bezpieczne, zaokr\u0105glone naro\u017cniki<\/li>\n<li>dowolno\u015b\u0107 konfiguracji<\/li>\n<li>mocowanie do \u015bciany<\/li>\n<li><strong>Uwaga ! Meble wykonane s\u0105 z naturalnych materia\u0142\u00f3w ,dlatego te\u017c dopuszczamy mo\u017cliwo\u015b\u0107 ja\u015bniejszych i ciemniejszych odcieni drewna w danej partii towaru.<\/strong><\/li>\n<\/ul>\n<p>&nbsp;<\/p>\n<p><strong>Nowa linia Light Line by Timoore:<\/strong><\/p>\n<p>Korpus zewn\u0119trzny z tarcicy bukowej i laminatu, korpus wewn\u0119trzny z laminatu, fronty laminowane w pi\u0119ciu wersjach kolorystycznych: kremowy: niebieski, zielony, r\u00f3\u017cowy, pomara\u0144czowy. Elementy kolorowe- \u00a0p\u0142yta MDF.<\/p>","protected":false},"excerpt":{"rendered":"<p><strong>oznaczenie produktu:<\/strong><br \/>\nT01-14-B<\/p>","protected":false},"featured_media":8449,"template":"","meta":{"inline_featured_image":false},"yoast_head":"<!-- This site is optimized with the Yoast SEO plugin v15.5 - https:\/\/yoast.com\/wordpress\/plugins\/seo\/ -->\n<title>Rama rega\u0142u pojedynczego - Timoore<\/title>\n<meta name=\"robots\" content=\"index, follow, max-snippet:-1, max-image-preview:large, max-video-preview:-1\" \/>\n<link rel=\"canonical\" href=\"https:\/\/timoore.eu\/en\/k\/kolekcja-simple\/rama-regalu-pojedynczego\/\" \/>\n<meta property=\"og:locale\" content=\"en_GB\" \/>\n<meta property=\"og:type\" content=\"article\" \/>\n<meta property=\"og:title\" content=\"Rama rega\u0142u pojedynczego - Timoore\" \/>\n<meta property=\"og:description\" content=\"oznaczenie produktu: T01-14-B\" \/>\n<meta property=\"og:url\" content=\"https:\/\/timoore.eu\/en\/k\/kolekcja-simple\/rama-regalu-pojedynczego\/\" \/>\n<meta property=\"og:site_name\" content=\"Timoore\" \/>\n<meta property=\"article:publisher\" content=\"https:\/\/www.facebook.com\/MebleABSYNTH\" \/>\n<meta property=\"article:modified_time\" content=\"2020-12-22T01:39:47+00:00\" \/>\n<meta property=\"og:image\" content=\"https:\/\/timoore.eu\/wp-content\/uploads\/2020\/12\/T01-14-B_big.jpg\" \/>\n\t<meta property=\"og:image:width\" content=\"800\" \/>\n\t<meta property=\"og:image:height\" content=\"600\" \/>\n<meta name=\"twitter:card\" content=\"summary_large_image\" \/>\n<meta name=\"twitter:label1\" content=\"Estimated reading time\">\n\t<meta name=\"twitter:data1\" content=\"1 minute\">\n<script type=\"application\/ld+json\" class=\"yoast-schema-graph\">{\"@context\":\"https:\/\/schema.org\",\"@graph\":[{\"@type\":\"WebSite\",\"@id\":\"https:\/\/timoore.eu\/pl\/#website\",\"url\":\"https:\/\/timoore.eu\/pl\/\",\"name\":\"Timoore\",\"description\":\"Meble tworz\\u0105 wn\\u0119trze\",\"potentialAction\":[{\"@type\":\"SearchAction\",\"target\":\"https:\/\/timoore.eu\/pl\/?s={search_term_string}\",\"query-input\":\"required name=search_term_string\"}],\"inLanguage\":\"en-GB\"},{\"@type\":\"ImageObject\",\"@id\":\"https:\/\/timoore.eu\/k\/kolekcja-simple\/rama-regalu-pojedynczego\/#primaryimage\",\"inLanguage\":\"en-GB\",\"url\":\"https:\/\/timoore.eu\/wp-content\/uploads\/2020\/12\/T01-14-B_big.jpg\",\"width\":800,\"height\":600,\"caption\":\"SIMPLE - rama rega\\u0142u pojedynczego\"},{\"@type\":\"WebPage\",\"@id\":\"https:\/\/timoore.eu\/k\/kolekcja-simple\/rama-regalu-pojedynczego\/#webpage\",\"url\":\"https:\/\/timoore.eu\/k\/kolekcja-simple\/rama-regalu-pojedynczego\/\",\"name\":\"Rama rega\\u0142u pojedynczego - Timoore\",\"isPartOf\":{\"@id\":\"https:\/\/timoore.eu\/pl\/#website\"},\"primaryImageOfPage\":{\"@id\":\"https:\/\/timoore.eu\/k\/kolekcja-simple\/rama-regalu-pojedynczego\/#primaryimage\"},\"datePublished\":\"2020-12-22T01:37:37+00:00\",\"dateModified\":\"2020-12-22T01:39:47+00:00\",\"inLanguage\":\"en-GB\",\"potentialAction\":[{\"@type\":\"ReadAction\",\"target\":[\"https:\/\/timoore.eu\/k\/kolekcja-simple\/rama-regalu-pojedynczego\/\"]}]}]}<\/script>\n<!-- \/ Yoast SEO plugin. -->","_links":{"self":[{"href":"https:\/\/timoore.eu\/en\/wp-json\/wp\/v2\/product\/8448"}],"collection":[{"href":"https:\/\/timoore.eu\/en\/wp-json\/wp\/v2\/product"}],"about":[{"href":"https:\/\/timoore.eu\/en\/wp-json\/wp\/v2\/types\/product"}],"wp:featuredmedia":[{"embeddable":true,"href":"https:\/\/timoore.eu\/en\/wp-json\/wp\/v2\/media\/8449"}],"wp:attachment":[{"href":"https:\/\/timoore.eu\/en\/wp-json\/wp\/v2\/media?parent=8448"}],"curies":[{"name":"wp","href":"https:\/\/api.w.org\/{rel}","templated":true}]}}