{"id":8623,"date":"2020-12-29T12:43:57","date_gmt":"2020-12-29T11:43:57","guid":{"rendered":"https:\/\/timoore.com.pl\/?post_type=product&#038;p=8623"},"modified":"2020-12-29T12:47:13","modified_gmt":"2020-12-29T11:47:13","slug":"barierka-do-lozeczka","status":"publish","type":"product","link":"https:\/\/timoore.eu\/en\/k\/kolekcja-elle\/barierka-do-lozeczka\/","title":{"rendered":"Barierka do \u0142\u00f3\u017ceczka"},"content":{"rendered":"","protected":false},"excerpt":{"rendered":"<p><strong>oznaczenie produktu:<\/strong><br \/>\nEA-02-(oznaczenie tkaniny)<br \/>\n&nbsp;<br \/>\nBarierka zabezpieczaj\u0105ca \u0142\u00f3\u017ceczko niemowl\u0119ce 120 cm. Dba o bezpiecze\u0144stwo dziecka podczas snu. Dzi\u0119ki niej maluch b\u0119dzie spa\u0142 s\u0142odko i nie wypadnie z \u0142\u00f3\u017cka.<br \/>\n&nbsp;<br \/>\nBarierka wykonana jest z p\u0142yty meblowej i pianki poliuretanowej. Pokryta jest tapicerowanym pokrowcem.<br \/>\n&nbsp;<\/p>\n<table class=\"timoore-furniture-size\">\n<tbody>\n<tr>\n<td>wysoko\u015b\u0107:<\/td>\n<td>21 cm<\/td>\n<\/tr>\n<tr>\n<td>szeroko\u015b\u0107:<\/td>\n<td>46 cm<\/td>\n<\/tr>\n<tr>\n<td>grubo\u015b\u0107:<\/td>\n<td>4 cm<\/td>\n<\/tr>\n<tr>\n<td>kolorystyka:<\/td>\n<td>Tabela tkanin bawe\u0142nianych<\/td>\n<\/tr>\n<\/tbody>\n<\/table>\n<div class=\"timoore-remarks\">\n<div class=\"timoore-remarks-inner\"><strong>Uwagi<\/strong><br \/>\nProducent zastrzega sobie prawo do zmiany wymiar\u00f3w produktu.<\/div>\n<\/div>","protected":false},"featured_media":8624,"template":"","meta":{"inline_featured_image":false},"yoast_head":"<!-- This site is optimized with the Yoast SEO plugin v15.5 - https:\/\/yoast.com\/wordpress\/plugins\/seo\/ -->\n<title>Barierka do \u0142\u00f3\u017ceczka - Timoore<\/title>\n<meta name=\"robots\" content=\"index, follow, max-snippet:-1, max-image-preview:large, max-video-preview:-1\" \/>\n<link rel=\"canonical\" href=\"https:\/\/timoore.eu\/en\/k\/kolekcja-elle\/barierka-do-lozeczka\/\" \/>\n<meta property=\"og:locale\" content=\"en_GB\" \/>\n<meta property=\"og:type\" content=\"article\" \/>\n<meta property=\"og:title\" content=\"Barierka do \u0142\u00f3\u017ceczka - Timoore\" \/>\n<meta property=\"og:description\" content=\"oznaczenie produktu: EA-02-(oznaczenie tkaniny) &nbsp; Barierka zabezpieczaj\u0105ca \u0142\u00f3\u017ceczko niemowl\u0119ce 120 cm. Dba o bezpiecze\u0144stwo dziecka podczas snu. Dzi\u0119ki niej maluch b\u0119dzie spa\u0142 s\u0142odko i nie wypadnie z \u0142\u00f3\u017cka. &nbsp; Barierka wykonana jest z p\u0142yty meblowej i pianki poliuretanowej. Pokryta jest tapicerowanym pokrowcem. &nbsp;    wysoko\u015b\u0107: 21 cm   szeroko\u015b\u0107: 46 cm   grubo\u015b\u0107: 4 cm   kolorystyka: Tabela tkanin bawe\u0142nianych     Uwagi Producent zastrzega sobie prawo do zmiany wymiar\u00f3w produktu.\" \/>\n<meta property=\"og:url\" content=\"https:\/\/timoore.eu\/en\/k\/kolekcja-elle\/barierka-do-lozeczka\/\" \/>\n<meta property=\"og:site_name\" content=\"Timoore\" \/>\n<meta property=\"article:publisher\" content=\"https:\/\/www.facebook.com\/MebleABSYNTH\" \/>\n<meta property=\"article:modified_time\" content=\"2020-12-29T11:47:13+00:00\" \/>\n<meta property=\"og:image\" content=\"https:\/\/timoore.eu\/wp-content\/uploads\/2020\/12\/T08-EA02_big.jpg\" \/>\n\t<meta property=\"og:image:width\" content=\"800\" \/>\n\t<meta property=\"og:image:height\" content=\"600\" \/>\n<meta name=\"twitter:card\" content=\"summary_large_image\" \/>\n<script type=\"application\/ld+json\" class=\"yoast-schema-graph\">{\"@context\":\"https:\/\/schema.org\",\"@graph\":[{\"@type\":\"WebSite\",\"@id\":\"https:\/\/timoore.eu\/pl\/#website\",\"url\":\"https:\/\/timoore.eu\/pl\/\",\"name\":\"Timoore\",\"description\":\"Meble tworz\\u0105 wn\\u0119trze\",\"potentialAction\":[{\"@type\":\"SearchAction\",\"target\":\"https:\/\/timoore.eu\/pl\/?s={search_term_string}\",\"query-input\":\"required name=search_term_string\"}],\"inLanguage\":\"en-GB\"},{\"@type\":\"ImageObject\",\"@id\":\"https:\/\/timoore.eu\/k\/kolekcja-elle\/barierka-do-lozeczka\/#primaryimage\",\"inLanguage\":\"en-GB\",\"url\":\"https:\/\/timoore.eu\/wp-content\/uploads\/2020\/12\/T08-EA02_big.jpg\",\"width\":800,\"height\":600,\"caption\":\"ELLE - barierka do \\u0142\\u00f3\\u017ceczka\"},{\"@type\":\"WebPage\",\"@id\":\"https:\/\/timoore.eu\/k\/kolekcja-elle\/barierka-do-lozeczka\/#webpage\",\"url\":\"https:\/\/timoore.eu\/k\/kolekcja-elle\/barierka-do-lozeczka\/\",\"name\":\"Barierka do \\u0142\\u00f3\\u017ceczka - Timoore\",\"isPartOf\":{\"@id\":\"https:\/\/timoore.eu\/pl\/#website\"},\"primaryImageOfPage\":{\"@id\":\"https:\/\/timoore.eu\/k\/kolekcja-elle\/barierka-do-lozeczka\/#primaryimage\"},\"datePublished\":\"2020-12-29T11:43:57+00:00\",\"dateModified\":\"2020-12-29T11:47:13+00:00\",\"inLanguage\":\"en-GB\",\"potentialAction\":[{\"@type\":\"ReadAction\",\"target\":[\"https:\/\/timoore.eu\/k\/kolekcja-elle\/barierka-do-lozeczka\/\"]}]}]}<\/script>\n<!-- \/ Yoast SEO plugin. -->","_links":{"self":[{"href":"https:\/\/timoore.eu\/en\/wp-json\/wp\/v2\/product\/8623"}],"collection":[{"href":"https:\/\/timoore.eu\/en\/wp-json\/wp\/v2\/product"}],"about":[{"href":"https:\/\/timoore.eu\/en\/wp-json\/wp\/v2\/types\/product"}],"wp:featuredmedia":[{"embeddable":true,"href":"https:\/\/timoore.eu\/en\/wp-json\/wp\/v2\/media\/8624"}],"wp:attachment":[{"href":"https:\/\/timoore.eu\/en\/wp-json\/wp\/v2\/media?parent=8623"}],"curies":[{"name":"wp","href":"https:\/\/api.w.org\/{rel}","templated":true}]}}