{"id":8633,"date":"2020-12-29T12:52:12","date_gmt":"2020-12-29T11:52:12","guid":{"rendered":"https:\/\/timoore.com.pl\/?post_type=product&#038;p=8633"},"modified":"2020-12-29T12:57:03","modified_gmt":"2020-12-29T11:57:03","slug":"tapczanik-180x80","status":"publish","type":"product","link":"https:\/\/timoore.eu\/en\/k\/kolekcja-elle\/tapczanik-180x80\/","title":{"rendered":"Tapczanik 180&#215;80"},"content":{"rendered":"","protected":false},"excerpt":{"rendered":"<p><strong>oznaczenie produktu:<\/strong><br \/>\nT08-10-B<br \/>\nT08-10-G<br \/>\n&nbsp;<br \/>\nDzieci\u0119co &#8211; m\u0142odzie\u017cowe \u0142\u00f3\u017cko w prostym, skandynawskim stylu z opcj\u0105 szuflady na po\u015bciel. Doskonale spe\u0142nia swoj\u0105 funkcj\u0119 tak\u017ce jako samodzielny element. Wyst\u0119puje w kolorze bia\u0142ym, z ciep\u0142ymi bukowymi lub stylowymi, popielatymi elementami oparcia.<br \/>\n&nbsp;<br \/>\nOskrzynia tapczanika wykonana jest z p\u0142yty wi\u00f3rowej, melaminowanej, szczeble zag\u0142\u00f3wka wykonane s\u0105 z lakierowanej p\u0142yty MDF. Podstawa zrobiona z drewna bukowego wyst\u0119puje w dw\u00f3ch wersjach: lakierowanej bezbarwnie oraz w kolorze popielatym.<br \/>\n&nbsp;<\/p>\n<h4>G\u0142\u00f3wne cechy:<\/h4>\n<ul>\n<li>dwa kolory n\u00f3g do wyboru<\/li>\n<li>dwa kolory zag\u0142owia<\/li>\n<li>opcja dodatkowej szuflady na po\u015bciel<\/li>\n<li>sprawdzi si\u0119 zar\u00f3wno jako pojedyncza bry\u0142a, jak i mebel uzupe\u0142niaj\u0105cy kolekcj\u0119 Elle<\/li>\n<\/ul>\n<p>&nbsp;<\/p>\n<table class=\"timoore-furniture-size\">\n<tbody>\n<tr>\n<td>wysoko\u015b\u0107:<\/td>\n<td>80 cm<\/td>\n<\/tr>\n<tr>\n<td>szeroko\u015b\u0107:<\/td>\n<td>86 cm<\/td>\n<\/tr>\n<tr>\n<td>d\u0142ugo\u015b\u0107:<\/td>\n<td>185 cm<\/td>\n<\/tr>\n<tr>\n<td>kolorystyka:<\/td>\n<td>bia\u0142y + buk \/ popielaty<\/td>\n<\/tr>\n<\/tbody>\n<\/table>\n<div class=\"timoore-remarks\">\n<div class=\"timoore-remarks-inner\"><strong>Uwagi<\/strong><br \/>\nProdukt do samodzielnego monta\u017cu<br \/>\nProducent zastrzega sobie prawo do zmiany wymiar\u00f3w produktu.<br \/>\nMaterac, szuflady oraz tapicerowana barierka s\u0105 oddzielnymi elementami w ofercie handlowej.<br \/>\nO szczeg\u00f3\u0142y oferty prosimy pyta\u0107 sprzedawc\u00f3w. Przeznaczone dla dzieci 6+<\/div>\n<\/div>","protected":false},"featured_media":8634,"template":"","meta":{"inline_featured_image":false},"yoast_head":"<!-- This site is optimized with the Yoast SEO plugin v15.5 - https:\/\/yoast.com\/wordpress\/plugins\/seo\/ -->\n<title>Tapczanik 180x80 - Timoore<\/title>\n<meta name=\"robots\" content=\"index, follow, max-snippet:-1, max-image-preview:large, max-video-preview:-1\" \/>\n<link rel=\"canonical\" href=\"https:\/\/timoore.eu\/en\/k\/kolekcja-elle\/tapczanik-180x80\/\" \/>\n<meta property=\"og:locale\" content=\"en_GB\" \/>\n<meta property=\"og:type\" content=\"article\" \/>\n<meta property=\"og:title\" content=\"Tapczanik 180x80 - Timoore\" \/>\n<meta property=\"og:description\" content=\"oznaczenie produktu: T08-10-B T08-10-G &nbsp; Dzieci\u0119co - m\u0142odzie\u017cowe \u0142\u00f3\u017cko w prostym, skandynawskim stylu z opcj\u0105 szuflady na po\u015bciel. Doskonale spe\u0142nia swoj\u0105 funkcj\u0119 tak\u017ce jako samodzielny element. Wyst\u0119puje w kolorze bia\u0142ym, z ciep\u0142ymi bukowymi lub stylowymi, popielatymi elementami oparcia. &nbsp; Oskrzynia tapczanika wykonana jest z p\u0142yty wi\u00f3rowej, melaminowanej, szczeble zag\u0142\u00f3wka wykonane s\u0105 z lakierowanej p\u0142yty MDF. Podstawa zrobiona z drewna bukowego wyst\u0119puje w dw\u00f3ch wersjach: lakierowanej bezbarwnie oraz w kolorze popielatym. &nbsp; G\u0142\u00f3wne cechy:   dwa kolory n\u00f3g do wyboru  dwa kolory zag\u0142owia     opcja dodatkowej szuflady na po\u015bciel  sprawdzi si\u0119 zar\u00f3wno jako pojedyncza bry\u0142a, jak i mebel uzupe\u0142niaj\u0105cy kolekcj\u0119 Elle  &nbsp;    wysoko\u015b\u0107: 80 cm   szeroko\u015b\u0107: 86 cm   d\u0142ugo\u015b\u0107: 185 cm   kolorystyka: bia\u0142y + buk \/ popielaty     Uwagi Produkt do samodzielnego monta\u017cu Producent zastrzega sobie prawo do zmiany wymiar\u00f3w produktu. Materac, szuflady oraz tapicerowana barierka s\u0105 oddzielnymi elementami w ofercie handlowej. O szczeg\u00f3\u0142y oferty prosimy pyta\u0107 sprzedawc\u00f3w. Przeznaczone dla dzieci 6+\" \/>\n<meta property=\"og:url\" content=\"https:\/\/timoore.eu\/en\/k\/kolekcja-elle\/tapczanik-180x80\/\" \/>\n<meta property=\"og:site_name\" content=\"Timoore\" \/>\n<meta property=\"article:publisher\" content=\"https:\/\/www.facebook.com\/MebleABSYNTH\" \/>\n<meta property=\"article:modified_time\" content=\"2020-12-29T11:57:03+00:00\" \/>\n<meta property=\"og:image\" content=\"https:\/\/timoore.eu\/wp-content\/uploads\/2020\/12\/T08-10_big.jpg\" \/>\n\t<meta property=\"og:image:width\" content=\"800\" \/>\n\t<meta property=\"og:image:height\" content=\"600\" \/>\n<meta name=\"twitter:card\" content=\"summary_large_image\" \/>\n<script type=\"application\/ld+json\" class=\"yoast-schema-graph\">{\"@context\":\"https:\/\/schema.org\",\"@graph\":[{\"@type\":\"WebSite\",\"@id\":\"https:\/\/timoore.eu\/pl\/#website\",\"url\":\"https:\/\/timoore.eu\/pl\/\",\"name\":\"Timoore\",\"description\":\"Meble tworz\\u0105 wn\\u0119trze\",\"potentialAction\":[{\"@type\":\"SearchAction\",\"target\":\"https:\/\/timoore.eu\/pl\/?s={search_term_string}\",\"query-input\":\"required name=search_term_string\"}],\"inLanguage\":\"en-GB\"},{\"@type\":\"ImageObject\",\"@id\":\"https:\/\/timoore.eu\/k\/kolekcja-elle\/tapczanik-180x80\/#primaryimage\",\"inLanguage\":\"en-GB\",\"url\":\"https:\/\/timoore.eu\/wp-content\/uploads\/2020\/12\/T08-10_big.jpg\",\"width\":800,\"height\":600,\"caption\":\"ELLE - tapczanik 180x80\"},{\"@type\":\"WebPage\",\"@id\":\"https:\/\/timoore.eu\/k\/kolekcja-elle\/tapczanik-180x80\/#webpage\",\"url\":\"https:\/\/timoore.eu\/k\/kolekcja-elle\/tapczanik-180x80\/\",\"name\":\"Tapczanik 180x80 - Timoore\",\"isPartOf\":{\"@id\":\"https:\/\/timoore.eu\/pl\/#website\"},\"primaryImageOfPage\":{\"@id\":\"https:\/\/timoore.eu\/k\/kolekcja-elle\/tapczanik-180x80\/#primaryimage\"},\"datePublished\":\"2020-12-29T11:52:12+00:00\",\"dateModified\":\"2020-12-29T11:57:03+00:00\",\"inLanguage\":\"en-GB\",\"potentialAction\":[{\"@type\":\"ReadAction\",\"target\":[\"https:\/\/timoore.eu\/k\/kolekcja-elle\/tapczanik-180x80\/\"]}]}]}<\/script>\n<!-- \/ Yoast SEO plugin. -->","_links":{"self":[{"href":"https:\/\/timoore.eu\/en\/wp-json\/wp\/v2\/product\/8633"}],"collection":[{"href":"https:\/\/timoore.eu\/en\/wp-json\/wp\/v2\/product"}],"about":[{"href":"https:\/\/timoore.eu\/en\/wp-json\/wp\/v2\/types\/product"}],"wp:featuredmedia":[{"embeddable":true,"href":"https:\/\/timoore.eu\/en\/wp-json\/wp\/v2\/media\/8634"}],"wp:attachment":[{"href":"https:\/\/timoore.eu\/en\/wp-json\/wp\/v2\/media?parent=8633"}],"curies":[{"name":"wp","href":"https:\/\/api.w.org\/{rel}","templated":true}]}}