{"id":8645,"date":"2020-12-29T13:06:23","date_gmt":"2020-12-29T12:06:23","guid":{"rendered":"https:\/\/timoore.com.pl\/?post_type=product&#038;p=8645"},"modified":"2020-12-29T13:11:55","modified_gmt":"2020-12-29T12:11:55","slug":"skrzynia-na-zabawki","status":"publish","type":"product","link":"https:\/\/timoore.eu\/en\/k\/kolekcja-elle\/skrzynia-na-zabawki\/","title":{"rendered":"Skrzynia na zabawki"},"content":{"rendered":"","protected":false},"excerpt":{"rendered":"<p><strong>oznaczenie produktu:<\/strong><br \/>\nT08-13-B<br \/>\nT08-13-G<br \/>\n&nbsp;<br \/>\nZalety tapicerowanej skrzyni z kolekcji ELLE doceni niejeden rodzic. Dzi\u0119ki niej w pokoju zapanuje idealny porz\u0105dek. Pojemna skrzynia o solidnej konstrukcji zmie\u015bci wszystkie skarby pociechy, a przy tym b\u0119dzie inspiracj\u0105 do wielu oryginalnych zabaw. Wybieraj z naszej bogatej oferty tekstyli\u00f3w i zmieniaj je kiedy tylko chcesz! Doskona\u0142e uzupe\u0142nienie innych bry\u0142 z kolekcji ELLE i dodatkowe siedzisko w pokoju dziecka. Pasuje zar\u00f3wno do pokoiku ch\u0142opca, jak i dziewczynki.<br \/>\n&nbsp;<br \/>\nKorpus skrzyni wykonany jest z p\u0142yty wi\u00f3rowej, melaminowanej. Podstawa zrobiona z drewna bukowego wyst\u0119puje w dw\u00f3ch wersjach: lakierowanej bezbarwnie oraz w kolorze popielatym.<br \/>\n&nbsp;<\/p>\n<p><strong>G\u0142\u00f3wne cechy:<\/strong><\/p>\n<ul>\n<li>dwa kolory n\u00f3g do wyboru<\/li>\n<li>mo\u017cliwo\u015b\u0107 wyboru spo\u015br\u00f3d wielu tapicerowanych opcji siedziska<\/li>\n<li>pojemne wn\u0119trze<\/li>\n<li>dodatkowe siedzisko w pokoju<\/li>\n<li>sprawdzi si\u0119 zar\u00f3wno jako pojedyncza bry\u0142a, jak i mebel uzupe\u0142niaj\u0105cy kolekcj\u0119 Elle<\/li>\n<\/ul>\n<table class=\"timoore-furniture-size\">\n<tbody>\n<tr>\n<td>wysoko\u015b\u0107:<\/td>\n<td>45 cm<\/td>\n<\/tr>\n<tr>\n<td>szeroko\u015b\u0107:<\/td>\n<td>80 cm<\/td>\n<\/tr>\n<tr>\n<td>g\u0142\u0119boko\u015b\u0107:<\/td>\n<td>44 cm<\/td>\n<\/tr>\n<tr>\n<td>kolorystyka:<\/td>\n<td>bia\u0142y + buk \/ popielaty<\/td>\n<\/tr>\n<\/tbody>\n<\/table>\n<div class=\"timoore-remarks\">\n<div class=\"timoore-remarks-inner\"><strong>Uwagi<\/strong><br \/>\nProdukt do samodzielnego monta\u017cu<br \/>\nProducent zastrzega sobie prawo do zmiany wymiar\u00f3w produktu.<\/div>\n<\/div>","protected":false},"featured_media":8646,"template":"","meta":{"inline_featured_image":false},"yoast_head":"<!-- This site is optimized with the Yoast SEO plugin v15.5 - https:\/\/yoast.com\/wordpress\/plugins\/seo\/ -->\n<title>Skrzynia na zabawki - Timoore<\/title>\n<meta name=\"robots\" content=\"index, follow, max-snippet:-1, max-image-preview:large, max-video-preview:-1\" \/>\n<link rel=\"canonical\" href=\"https:\/\/timoore.eu\/en\/k\/kolekcja-elle\/skrzynia-na-zabawki\/\" \/>\n<meta property=\"og:locale\" content=\"en_GB\" \/>\n<meta property=\"og:type\" content=\"article\" \/>\n<meta property=\"og:title\" content=\"Skrzynia na zabawki - Timoore\" \/>\n<meta property=\"og:description\" content=\"oznaczenie produktu: T08-13-B T08-13-G &nbsp; Zalety tapicerowanej skrzyni z kolekcji ELLE doceni niejeden rodzic. Dzi\u0119ki niej w pokoju zapanuje idealny porz\u0105dek. Pojemna skrzynia o solidnej konstrukcji zmie\u015bci wszystkie skarby pociechy, a przy tym b\u0119dzie inspiracj\u0105 do wielu oryginalnych zabaw. Wybieraj z naszej bogatej oferty tekstyli\u00f3w i zmieniaj je kiedy tylko chcesz! Doskona\u0142e uzupe\u0142nienie innych bry\u0142 z kolekcji ELLE i dodatkowe siedzisko w pokoju dziecka. Pasuje zar\u00f3wno do pokoiku ch\u0142opca, jak i dziewczynki. &nbsp; Korpus skrzyni wykonany jest z p\u0142yty wi\u00f3rowej, melaminowanej. Podstawa zrobiona z drewna bukowego wyst\u0119puje w dw\u00f3ch wersjach: lakierowanej bezbarwnie oraz w kolorze popielatym. &nbsp; G\u0142\u00f3wne cechy:   dwa kolory n\u00f3g do wyboru  mo\u017cliwo\u015b\u0107 wyboru spo\u015br\u00f3d wielu tapicerowanych opcji siedziska  pojemne wn\u0119trze  dodatkowe siedzisko w pokoju  sprawdzi si\u0119 zar\u00f3wno jako pojedyncza bry\u0142a, jak i mebel uzupe\u0142niaj\u0105cy kolekcj\u0119 Elle      wysoko\u015b\u0107: 45 cm   szeroko\u015b\u0107: 80 cm   g\u0142\u0119boko\u015b\u0107: 44 cm   kolorystyka: bia\u0142y + buk \/ popielaty     Uwagi Produkt do samodzielnego monta\u017cu Producent zastrzega sobie prawo do zmiany wymiar\u00f3w produktu.\" \/>\n<meta property=\"og:url\" content=\"https:\/\/timoore.eu\/en\/k\/kolekcja-elle\/skrzynia-na-zabawki\/\" \/>\n<meta property=\"og:site_name\" content=\"Timoore\" \/>\n<meta property=\"article:publisher\" content=\"https:\/\/www.facebook.com\/MebleABSYNTH\" \/>\n<meta property=\"article:modified_time\" content=\"2020-12-29T12:11:55+00:00\" \/>\n<meta property=\"og:image\" content=\"https:\/\/timoore.eu\/wp-content\/uploads\/2020\/12\/T08-13_big.jpg\" \/>\n\t<meta property=\"og:image:width\" content=\"800\" \/>\n\t<meta property=\"og:image:height\" content=\"600\" \/>\n<meta name=\"twitter:card\" content=\"summary_large_image\" \/>\n<script type=\"application\/ld+json\" class=\"yoast-schema-graph\">{\"@context\":\"https:\/\/schema.org\",\"@graph\":[{\"@type\":\"WebSite\",\"@id\":\"https:\/\/timoore.eu\/pl\/#website\",\"url\":\"https:\/\/timoore.eu\/pl\/\",\"name\":\"Timoore\",\"description\":\"Meble tworz\\u0105 wn\\u0119trze\",\"potentialAction\":[{\"@type\":\"SearchAction\",\"target\":\"https:\/\/timoore.eu\/pl\/?s={search_term_string}\",\"query-input\":\"required name=search_term_string\"}],\"inLanguage\":\"en-GB\"},{\"@type\":\"ImageObject\",\"@id\":\"https:\/\/timoore.eu\/k\/kolekcja-elle\/skrzynia-na-zabawki\/#primaryimage\",\"inLanguage\":\"en-GB\",\"url\":\"https:\/\/timoore.eu\/wp-content\/uploads\/2020\/12\/T08-13_big.jpg\",\"width\":800,\"height\":600,\"caption\":\"ELLE - skrzynia na zabawki\"},{\"@type\":\"WebPage\",\"@id\":\"https:\/\/timoore.eu\/k\/kolekcja-elle\/skrzynia-na-zabawki\/#webpage\",\"url\":\"https:\/\/timoore.eu\/k\/kolekcja-elle\/skrzynia-na-zabawki\/\",\"name\":\"Skrzynia na zabawki - Timoore\",\"isPartOf\":{\"@id\":\"https:\/\/timoore.eu\/pl\/#website\"},\"primaryImageOfPage\":{\"@id\":\"https:\/\/timoore.eu\/k\/kolekcja-elle\/skrzynia-na-zabawki\/#primaryimage\"},\"datePublished\":\"2020-12-29T12:06:23+00:00\",\"dateModified\":\"2020-12-29T12:11:55+00:00\",\"inLanguage\":\"en-GB\",\"potentialAction\":[{\"@type\":\"ReadAction\",\"target\":[\"https:\/\/timoore.eu\/k\/kolekcja-elle\/skrzynia-na-zabawki\/\"]}]}]}<\/script>\n<!-- \/ Yoast SEO plugin. -->","_links":{"self":[{"href":"https:\/\/timoore.eu\/en\/wp-json\/wp\/v2\/product\/8645"}],"collection":[{"href":"https:\/\/timoore.eu\/en\/wp-json\/wp\/v2\/product"}],"about":[{"href":"https:\/\/timoore.eu\/en\/wp-json\/wp\/v2\/types\/product"}],"wp:featuredmedia":[{"embeddable":true,"href":"https:\/\/timoore.eu\/en\/wp-json\/wp\/v2\/media\/8646"}],"wp:attachment":[{"href":"https:\/\/timoore.eu\/en\/wp-json\/wp\/v2\/media?parent=8645"}],"curies":[{"name":"wp","href":"https:\/\/api.w.org\/{rel}","templated":true}]}}