{"id":8750,"date":"2020-12-31T14:29:51","date_gmt":"2020-12-31T13:29:51","guid":{"rendered":"https:\/\/timoore.com.pl\/?post_type=product&#038;p=8750"},"modified":"2020-12-31T14:33:35","modified_gmt":"2020-12-31T13:33:35","slug":"jamnik","status":"publish","type":"product","link":"https:\/\/timoore.eu\/en\/k\/kolekcja-chameleon-naklejki-tomi\/jamnik\/","title":{"rendered":"Jamnik"},"content":{"rendered":"","protected":false},"excerpt":{"rendered":"<p><strong>oznaczenie produktu:<\/strong><br \/>\nCN-01-02A<br \/>\nCN-02-01B<br \/>\nCN-01-02C<br \/>\n&nbsp;<br \/>\nWystarczy kilka minut by stworzy\u0107 oryginaln\u0105 i efektown\u0105 dekoracj\u0119. Pobierz dost\u0119pne pliki, wydrukuj (lub skontaktuj si\u0119 z lokaln\u0105 drukarni\u0105), naklej i odmie\u0144 wn\u0119trze dzieci\u0119cego pokoju.  Sama czynno\u015b\u0107 naklejania mo\u017ce by\u0107 tak\u017ce ciekaw\u0105 zabaw\u0105 dla Twojego dziecka!<br \/>\n&nbsp;<\/p>\n<table class=\"timoore-furniture-size\">\n<tbody>\n<tr>\n<td>plik PDF:<\/td>\n<td><a href=\"https:\/\/timoore.com.pl\/wp-content\/uploads\/2020\/12\/CN_01_020_L_jamnik.pdf\" download>POBIERZ<\/a><\/td>\n<\/tr>\n<\/tbody>\n<\/table>\n<div class=\"timoore-remarks\">\n<div class=\"timoore-remarks-inner\"><strong>Uwagi<\/strong><br \/>\nTimoore udost\u0119pnia nieodp\u0142atnie profesjonalne pliki z grafikami przygotowanymi do wydruku. Same naklejki (jako produkt) nie znajduj\u0105 si\u0119 w ofercie Timoore&#8217;a.\n<\/div>\n<\/div>","protected":false},"featured_media":8751,"template":"","meta":{"inline_featured_image":false},"yoast_head":"<!-- This site is optimized with the Yoast SEO plugin v15.5 - https:\/\/yoast.com\/wordpress\/plugins\/seo\/ -->\n<title>Jamnik - Timoore<\/title>\n<meta name=\"robots\" content=\"index, follow, max-snippet:-1, max-image-preview:large, max-video-preview:-1\" \/>\n<link rel=\"canonical\" href=\"https:\/\/timoore.eu\/en\/k\/kolekcja-chameleon-naklejki-tomi\/jamnik\/\" \/>\n<meta property=\"og:locale\" content=\"en_GB\" \/>\n<meta property=\"og:type\" content=\"article\" \/>\n<meta property=\"og:title\" content=\"Jamnik - Timoore\" \/>\n<meta property=\"og:description\" content=\"oznaczenie produktu: CN-01-02A CN-02-01B  CN-01-02C &nbsp; Wystarczy kilka minut by stworzy\u0107 oryginaln\u0105 i efektown\u0105 dekoracj\u0119. Pobierz dost\u0119pne pliki, wydrukuj (lub skontaktuj si\u0119 z lokaln\u0105 drukarni\u0105), naklej i odmie\u0144 wn\u0119trze dzieci\u0119cego pokoju. Sama czynno\u015b\u0107 naklejania mo\u017ce by\u0107 tak\u017ce ciekaw\u0105 zabaw\u0105 dla Twojego dziecka! &nbsp;    plik PDF: POBIERZ     Uwagi Timoore udost\u0119pnia nieodp\u0142atnie profesjonalne pliki z grafikami przygotowanymi do wydruku. Same naklejki (jako produkt) nie znajduj\u0105 si\u0119 w ofercie Timoore&#039;a.\" \/>\n<meta property=\"og:url\" content=\"https:\/\/timoore.eu\/en\/k\/kolekcja-chameleon-naklejki-tomi\/jamnik\/\" \/>\n<meta property=\"og:site_name\" content=\"Timoore\" \/>\n<meta property=\"article:publisher\" content=\"https:\/\/www.facebook.com\/MebleABSYNTH\" \/>\n<meta property=\"article:modified_time\" content=\"2020-12-31T13:33:35+00:00\" \/>\n<meta property=\"og:image\" content=\"https:\/\/timoore.eu\/wp-content\/uploads\/2020\/12\/CN_01_02_big.jpg\" \/>\n\t<meta property=\"og:image:width\" content=\"560\" \/>\n\t<meta property=\"og:image:height\" content=\"800\" \/>\n<meta name=\"twitter:card\" content=\"summary_large_image\" \/>\n<script type=\"application\/ld+json\" class=\"yoast-schema-graph\">{\"@context\":\"https:\/\/schema.org\",\"@graph\":[{\"@type\":\"WebSite\",\"@id\":\"https:\/\/timoore.eu\/pl\/#website\",\"url\":\"https:\/\/timoore.eu\/pl\/\",\"name\":\"Timoore\",\"description\":\"Meble tworz\\u0105 wn\\u0119trze\",\"potentialAction\":[{\"@type\":\"SearchAction\",\"target\":\"https:\/\/timoore.eu\/pl\/?s={search_term_string}\",\"query-input\":\"required name=search_term_string\"}],\"inLanguage\":\"en-GB\"},{\"@type\":\"ImageObject\",\"@id\":\"https:\/\/timoore.eu\/pl\/k\/kolekcja-chameleon-naklejki-tomi\/jamnik\/#primaryimage\",\"inLanguage\":\"en-GB\",\"url\":\"https:\/\/timoore.eu\/wp-content\/uploads\/2020\/12\/CN_01_02_big.jpg\",\"width\":560,\"height\":800,\"caption\":\"CHAMELEON TOMI - jamnik\"},{\"@type\":\"WebPage\",\"@id\":\"https:\/\/timoore.eu\/pl\/k\/kolekcja-chameleon-naklejki-tomi\/jamnik\/#webpage\",\"url\":\"https:\/\/timoore.eu\/pl\/k\/kolekcja-chameleon-naklejki-tomi\/jamnik\/\",\"name\":\"Jamnik - Timoore\",\"isPartOf\":{\"@id\":\"https:\/\/timoore.eu\/pl\/#website\"},\"primaryImageOfPage\":{\"@id\":\"https:\/\/timoore.eu\/pl\/k\/kolekcja-chameleon-naklejki-tomi\/jamnik\/#primaryimage\"},\"datePublished\":\"2020-12-31T13:29:51+00:00\",\"dateModified\":\"2020-12-31T13:33:35+00:00\",\"inLanguage\":\"en-GB\",\"potentialAction\":[{\"@type\":\"ReadAction\",\"target\":[\"https:\/\/timoore.eu\/pl\/k\/kolekcja-chameleon-naklejki-tomi\/jamnik\/\"]}]}]}<\/script>\n<!-- \/ Yoast SEO plugin. -->","_links":{"self":[{"href":"https:\/\/timoore.eu\/en\/wp-json\/wp\/v2\/product\/8750"}],"collection":[{"href":"https:\/\/timoore.eu\/en\/wp-json\/wp\/v2\/product"}],"about":[{"href":"https:\/\/timoore.eu\/en\/wp-json\/wp\/v2\/types\/product"}],"wp:featuredmedia":[{"embeddable":true,"href":"https:\/\/timoore.eu\/en\/wp-json\/wp\/v2\/media\/8751"}],"wp:attachment":[{"href":"https:\/\/timoore.eu\/en\/wp-json\/wp\/v2\/media?parent=8750"}],"curies":[{"name":"wp","href":"https:\/\/api.w.org\/{rel}","templated":true}]}}