{"id":8125,"date":"2020-12-12T01:31:43","date_gmt":"2020-12-12T00:31:43","guid":{"rendered":"https:\/\/timoore.com.pl\/?post_type=product&#038;p=8125"},"modified":"2020-12-12T01:39:44","modified_gmt":"2020-12-12T00:39:44","slug":"lozeczko-140x70","status":"publish","type":"product","link":"https:\/\/timoore.eu\/pl\/k\/kolekcja-magi\/lozeczko-140x70\/","title":{"rendered":"\u0141\u00f3\u017ceczko 140&#215;70"},"content":{"rendered":"<p>Prawdziwie magiczne \u0142\u00f3\u017ceczko -tapczanik idealne dla maluszka i przedszkolaka. Po\u0142\u0105czenie ekologicznej sklejki brzozowej lakierowanej certyfikowanymi antyalergicznymi lakierami w\u0142oskimi oraz \u015bnie\u017cno bia\u0142ej najwy\u017cszej jako\u015bci p\u0142yty MDF jest idealnym po\u0142\u0105czeniem materia\u0142\u00f3w dla najm\u0142odszych dzieci. Wielofunkcyjno\u015b\u0107 \u0142\u00f3\u017ceczka sprawi ,\u017ce rosn\u0105cy maluch z rado\u015bci\u0105 b\u0119dzie odkrywa\u0142 otaczaj\u0105cy go \u015bwiat. Listwa umieszczona nad \u0142\u00f3\u017ceczkiem u\u0142atwi wieszanie dzieci\u0119cych zabawek a \u0142atwy spos\u00f3b transformacji \u0142\u00f3\u017ceczka w tapczanik nie sprawi problemu \u017cadnej mamie. Nasze skandynawskie \u0142\u00f3\u017ceczko nadaje si\u0119 zar\u00f3wno do ma\u0142ych jaki i wi\u0119kszych pokoik\u00f3w.<\/p>\n<p><strong>Cechy produktu:<\/strong><\/p>\n<ul>\n<li>oryginalne wzornictwo<\/li>\n<li>jeden kolor<\/li>\n<li>trzy wysoko\u015bci materaca<\/li>\n<li>demontowany bok zan\u00f3\u017cek i zag\u0142\u00f3wek pozwalaj\u0105cy przekszta\u0142ci\u0107 \u0142\u00f3\u017ceczko w tapczanik<\/li>\n<li>do \u0142\u00f3\u017ceczka mo\u017cna dokupi\u0107 szuflad\u0119 oraz mi\u0119kki materacyk z pokrowcem w 70 kolorach<\/li>\n<li>\u0142\u00f3\u017ceczko wykonane jest z lakierowanej p\u0142yty MDF oraz naturalnej sklejki lakierowanej w\u0142osk\u0105 farb\u0105 z certyfikatami UE<\/li>\n<li>produkt do samodzielnego monta\u017cu<\/li>\n<\/ul>\n","protected":false},"excerpt":{"rendered":"<p><strong>oznaczenie produktu:<\/strong><br \/>\nT10-01-W-BS<\/p>\n","protected":false},"featured_media":8126,"template":"","meta":{"inline_featured_image":false},"yoast_head":"<!-- This site is optimized with the Yoast SEO plugin v15.5 - https:\/\/yoast.com\/wordpress\/plugins\/seo\/ -->\n<title>\u0141\u00f3\u017ceczko 140x70 - Timoore<\/title>\n<meta name=\"robots\" content=\"index, follow, max-snippet:-1, max-image-preview:large, max-video-preview:-1\" \/>\n<link rel=\"canonical\" href=\"https:\/\/timoore.eu\/pl\/k\/kolekcja-magi\/lozeczko-140x70\/\" \/>\n<meta property=\"og:locale\" content=\"pl_PL\" \/>\n<meta property=\"og:type\" content=\"article\" \/>\n<meta property=\"og:title\" content=\"\u0141\u00f3\u017ceczko 140x70 - Timoore\" \/>\n<meta property=\"og:description\" content=\"oznaczenie produktu: T10-01-W-BS\" \/>\n<meta property=\"og:url\" content=\"https:\/\/timoore.eu\/pl\/k\/kolekcja-magi\/lozeczko-140x70\/\" \/>\n<meta property=\"og:site_name\" content=\"Timoore\" \/>\n<meta property=\"article:publisher\" content=\"https:\/\/www.facebook.com\/MebleABSYNTH\" \/>\n<meta property=\"article:modified_time\" content=\"2020-12-12T00:39:44+00:00\" \/>\n<meta property=\"og:image\" content=\"https:\/\/timoore.eu\/wp-content\/uploads\/2020\/12\/crib-mini.jpg\" \/>\n\t<meta property=\"og:image:width\" content=\"499\" \/>\n\t<meta property=\"og:image:height\" content=\"406\" \/>\n<meta name=\"twitter:card\" content=\"summary_large_image\" \/>\n<meta name=\"twitter:label1\" content=\"Est. reading time\">\n\t<meta name=\"twitter:data1\" content=\"1 minuta\">\n<script type=\"application\/ld+json\" class=\"yoast-schema-graph\">{\"@context\":\"https:\/\/schema.org\",\"@graph\":[{\"@type\":\"WebSite\",\"@id\":\"https:\/\/timoore.eu\/pl\/#website\",\"url\":\"https:\/\/timoore.eu\/pl\/\",\"name\":\"Timoore\",\"description\":\"Meble tworz\\u0105 wn\\u0119trze\",\"potentialAction\":[{\"@type\":\"SearchAction\",\"target\":\"https:\/\/timoore.eu\/pl\/?s={search_term_string}\",\"query-input\":\"required name=search_term_string\"}],\"inLanguage\":\"pl-PL\"},{\"@type\":\"ImageObject\",\"@id\":\"https:\/\/timoore.eu\/k\/kolekcja-magi\/lozeczko-140x70\/#primaryimage\",\"inLanguage\":\"pl-PL\",\"url\":\"https:\/\/timoore.eu\/wp-content\/uploads\/2020\/12\/crib-mini.jpg\",\"width\":499,\"height\":406,\"caption\":\"Magi Crib\"},{\"@type\":\"WebPage\",\"@id\":\"https:\/\/timoore.eu\/k\/kolekcja-magi\/lozeczko-140x70\/#webpage\",\"url\":\"https:\/\/timoore.eu\/k\/kolekcja-magi\/lozeczko-140x70\/\",\"name\":\"\\u0141\\u00f3\\u017ceczko 140x70 - Timoore\",\"isPartOf\":{\"@id\":\"https:\/\/timoore.eu\/pl\/#website\"},\"primaryImageOfPage\":{\"@id\":\"https:\/\/timoore.eu\/k\/kolekcja-magi\/lozeczko-140x70\/#primaryimage\"},\"datePublished\":\"2020-12-12T00:31:43+00:00\",\"dateModified\":\"2020-12-12T00:39:44+00:00\",\"inLanguage\":\"pl-PL\",\"potentialAction\":[{\"@type\":\"ReadAction\",\"target\":[\"https:\/\/timoore.eu\/k\/kolekcja-magi\/lozeczko-140x70\/\"]}]}]}<\/script>\n<!-- \/ Yoast SEO plugin. -->","_links":{"self":[{"href":"https:\/\/timoore.eu\/pl\/wp-json\/wp\/v2\/product\/8125"}],"collection":[{"href":"https:\/\/timoore.eu\/pl\/wp-json\/wp\/v2\/product"}],"about":[{"href":"https:\/\/timoore.eu\/pl\/wp-json\/wp\/v2\/types\/product"}],"wp:featuredmedia":[{"embeddable":true,"href":"https:\/\/timoore.eu\/pl\/wp-json\/wp\/v2\/media\/8126"}],"wp:attachment":[{"href":"https:\/\/timoore.eu\/pl\/wp-json\/wp\/v2\/media?parent=8125"}],"curies":[{"name":"wp","href":"https:\/\/api.w.org\/{rel}","templated":true}]}}