{"id":8139,"date":"2020-12-12T01:49:32","date_gmt":"2020-12-12T00:49:32","guid":{"rendered":"https:\/\/timoore.com.pl\/?post_type=product&#038;p=8139"},"modified":"2020-12-12T01:52:03","modified_gmt":"2020-12-12T00:52:03","slug":"szuflada-do-lozeczka","status":"publish","type":"product","link":"https:\/\/timoore.eu\/pl\/k\/kolekcja-magi\/szuflada-do-lozeczka\/","title":{"rendered":"Szuflada do \u0142\u00f3\u017ceczka"},"content":{"rendered":"<p>Ma\u0142a lecz funkcjonalna szufladka pod \u0142\u00f3\u017ceczko- tapczanik MAGI spe\u0142nia rol\u0119 pojemnika na po\u015bciel . Posiada gumowe k\u00f3\u0142ka dzi\u0119ki czemu nie rysuje pod\u0142ogi a jej ma\u0142y przemy\u015blany rozmiar sprawi ,\u017ce w przysz\u0142o\u015bci mo\u017ce zosta\u0107 samodzielnym pojemnikiem na zabawki.<\/p>\n<p><strong>Informacje o produkcie:<\/strong><br \/>\n&#8211; front szuflady wykonany z naturalnej sklejki lakierowanej lakierem z certyfikatami UE<br \/>\n&#8211; boki szuflady wykonany z najwy\u017cszej jako\u015bci bia\u0142ej p\u0142yty laminowanej .<br \/>\n&#8211; produkt do samodzielnego monta\u017cu<\/p>\n","protected":false},"excerpt":{"rendered":"<p><strong>oznaczenie produktu:<\/strong><br \/>\nT10-01-03-W-BS<\/p>\n","protected":false},"featured_media":8129,"template":"","meta":{"inline_featured_image":false},"yoast_head":"<!-- This site is optimized with the Yoast SEO plugin v15.5 - https:\/\/yoast.com\/wordpress\/plugins\/seo\/ -->\n<title>Szuflada do \u0142\u00f3\u017ceczka - Timoore<\/title>\n<meta name=\"robots\" content=\"index, follow, max-snippet:-1, max-image-preview:large, max-video-preview:-1\" \/>\n<link rel=\"canonical\" href=\"https:\/\/timoore.eu\/pl\/k\/kolekcja-magi\/szuflada-do-lozeczka\/\" \/>\n<meta property=\"og:locale\" content=\"pl_PL\" \/>\n<meta property=\"og:type\" content=\"article\" \/>\n<meta property=\"og:title\" content=\"Szuflada do \u0142\u00f3\u017ceczka - Timoore\" \/>\n<meta property=\"og:description\" content=\"oznaczenie produktu: T10-01-03-W-BS\" \/>\n<meta property=\"og:url\" content=\"https:\/\/timoore.eu\/pl\/k\/kolekcja-magi\/szuflada-do-lozeczka\/\" \/>\n<meta property=\"og:site_name\" content=\"Timoore\" \/>\n<meta property=\"article:publisher\" content=\"https:\/\/www.facebook.com\/MebleABSYNTH\" \/>\n<meta property=\"article:modified_time\" content=\"2020-12-12T00:52:03+00:00\" \/>\n<meta property=\"og:image\" content=\"https:\/\/timoore.eu\/wp-content\/uploads\/2020\/12\/underbed-storage-mini.jpg\" \/>\n\t<meta property=\"og:image:width\" content=\"499\" \/>\n\t<meta property=\"og:image:height\" content=\"286\" \/>\n<meta name=\"twitter:card\" content=\"summary_large_image\" \/>\n<meta name=\"twitter:label1\" content=\"Est. reading time\">\n\t<meta name=\"twitter:data1\" content=\"0 minut\">\n<script type=\"application\/ld+json\" class=\"yoast-schema-graph\">{\"@context\":\"https:\/\/schema.org\",\"@graph\":[{\"@type\":\"WebSite\",\"@id\":\"https:\/\/timoore.eu\/pl\/#website\",\"url\":\"https:\/\/timoore.eu\/pl\/\",\"name\":\"Timoore\",\"description\":\"Meble tworz\\u0105 wn\\u0119trze\",\"potentialAction\":[{\"@type\":\"SearchAction\",\"target\":\"https:\/\/timoore.eu\/pl\/?s={search_term_string}\",\"query-input\":\"required name=search_term_string\"}],\"inLanguage\":\"pl-PL\"},{\"@type\":\"ImageObject\",\"@id\":\"https:\/\/timoore.eu\/k\/kolekcja-magi\/szuflada-do-lozeczka\/#primaryimage\",\"inLanguage\":\"pl-PL\",\"url\":\"https:\/\/timoore.eu\/wp-content\/uploads\/2020\/12\/underbed-storage-mini.jpg\",\"width\":499,\"height\":286},{\"@type\":\"WebPage\",\"@id\":\"https:\/\/timoore.eu\/k\/kolekcja-magi\/szuflada-do-lozeczka\/#webpage\",\"url\":\"https:\/\/timoore.eu\/k\/kolekcja-magi\/szuflada-do-lozeczka\/\",\"name\":\"Szuflada do \\u0142\\u00f3\\u017ceczka - Timoore\",\"isPartOf\":{\"@id\":\"https:\/\/timoore.eu\/pl\/#website\"},\"primaryImageOfPage\":{\"@id\":\"https:\/\/timoore.eu\/k\/kolekcja-magi\/szuflada-do-lozeczka\/#primaryimage\"},\"datePublished\":\"2020-12-12T00:49:32+00:00\",\"dateModified\":\"2020-12-12T00:52:03+00:00\",\"inLanguage\":\"pl-PL\",\"potentialAction\":[{\"@type\":\"ReadAction\",\"target\":[\"https:\/\/timoore.eu\/k\/kolekcja-magi\/szuflada-do-lozeczka\/\"]}]}]}<\/script>\n<!-- \/ Yoast SEO plugin. -->","_links":{"self":[{"href":"https:\/\/timoore.eu\/pl\/wp-json\/wp\/v2\/product\/8139"}],"collection":[{"href":"https:\/\/timoore.eu\/pl\/wp-json\/wp\/v2\/product"}],"about":[{"href":"https:\/\/timoore.eu\/pl\/wp-json\/wp\/v2\/types\/product"}],"wp:featuredmedia":[{"embeddable":true,"href":"https:\/\/timoore.eu\/pl\/wp-json\/wp\/v2\/media\/8129"}],"wp:attachment":[{"href":"https:\/\/timoore.eu\/pl\/wp-json\/wp\/v2\/media?parent=8139"}],"curies":[{"name":"wp","href":"https:\/\/api.w.org\/{rel}","templated":true}]}}