{"id":8144,"date":"2020-12-12T01:55:43","date_gmt":"2020-12-12T00:55:43","guid":{"rendered":"https:\/\/timoore.com.pl\/?post_type=product&#038;p=8144"},"modified":"2020-12-12T02:02:36","modified_gmt":"2020-12-12T01:02:36","slug":"szafa-dwudrzwiowa-2","status":"publish","type":"product","link":"https:\/\/timoore.eu\/pl\/k\/kolekcja-magi\/szafa-dwudrzwiowa-2\/","title":{"rendered":"Szafa dwudrzwiowa"},"content":{"rendered":"<p>Nieco mniejsza ni\u017c 3 drzwiowa ale nadal pojemna , funkcjonalna i bardzo nowoczesna szafa pomie\u015bci wszystkie najpotrzebniejsze rzeczy . Komplet szuflad , szafek , p\u00f3\u0142ek i dr\u0105\u017ck\u00f3w sprosta wymaganiom male\u0144kich ubranek jak i ogromnej r\u00f3\u017cno\u015bci garderoby nastolatka. Wysokiej jako\u015bci bia\u0142a p\u0142yta laminowana w po\u0142\u0105czeniu z naturaln\u0105 sklejk\u0105 lakierowan\u0105 idealnie wpisze si\u0119 w minimalistycznym pokoju ka\u017cdego u\u017cytkownika. Do produkcji mebla zosta\u0142y u\u017cyte bezpieczne certyfikowane materia\u0142y , kt\u00f3re w szczeg\u00f3lno\u015bci spe\u0142ni\u0105 swoj\u0105 rol\u0119 w najwcze\u015bniejszym etapie \u017cycia dziecka. Ca\u0142o\u015b\u0107 dope\u0142niaj\u0105 bardzo designerskie uchwyty w kszta\u0142cie kamienia. Wysokie n\u00f3\u017cki u\u0142atwi\u0105 utrzymanie czysto\u015bci ,szczeg\u00f3lnie wa\u017cne w przypadku alergik\u00f3w.<\/p>\n<p><strong>Informacje o produkcie:<\/strong><br \/>\n&#8211; szafa zosta\u0142a wyposa\u017cona w system cichego domyku szuflad z firmy BLUM<br \/>\n&#8211; nogi wykonane s\u0105 z naturalnej sklejki lakierowanej w\u0142osk\u0105 farb\u0105 z certyfikatami UE<br \/>\n&#8211; fronty, blat oraz boki komody wykonane s\u0105 z najwy\u017cszej jako\u015bci bia\u0142ej p\u0142yty laminowanej po\u0142\u0105czonej z naturaln\u0105 sklejk\u0105 lakierowan\u0105 farb\u0105 z certyfikatami UE.<br \/>\n&#8211; produkt do samodzielnego monta\u017cu<\/p>\n","protected":false},"excerpt":{"rendered":"<p><strong>oznaczenie produktu:<\/strong><br \/>\nT10-05-W-BS<\/p>\n","protected":false},"featured_media":8145,"template":"","meta":{"inline_featured_image":false},"yoast_head":"<!-- This site is optimized with the Yoast SEO plugin v15.5 - https:\/\/yoast.com\/wordpress\/plugins\/seo\/ -->\n<title>Szafa dwudrzwiowa - Timoore<\/title>\n<meta name=\"robots\" content=\"index, follow, max-snippet:-1, max-image-preview:large, max-video-preview:-1\" \/>\n<link rel=\"canonical\" href=\"https:\/\/timoore.eu\/pl\/k\/kolekcja-magi\/szafa-dwudrzwiowa-2\/\" \/>\n<meta property=\"og:locale\" content=\"pl_PL\" \/>\n<meta property=\"og:type\" content=\"article\" \/>\n<meta property=\"og:title\" content=\"Szafa dwudrzwiowa - Timoore\" \/>\n<meta property=\"og:description\" content=\"oznaczenie produktu: T10-05-W-BS\" \/>\n<meta property=\"og:url\" content=\"https:\/\/timoore.eu\/pl\/k\/kolekcja-magi\/szafa-dwudrzwiowa-2\/\" \/>\n<meta property=\"og:site_name\" content=\"Timoore\" \/>\n<meta property=\"article:publisher\" content=\"https:\/\/www.facebook.com\/MebleABSYNTH\" \/>\n<meta property=\"article:modified_time\" content=\"2020-12-12T01:02:36+00:00\" \/>\n<meta property=\"og:image\" content=\"https:\/\/timoore.eu\/wp-content\/uploads\/2020\/12\/wardrobe-mini.jpg\" \/>\n\t<meta property=\"og:image:width\" content=\"499\" \/>\n\t<meta property=\"og:image:height\" content=\"499\" \/>\n<meta name=\"twitter:card\" content=\"summary_large_image\" \/>\n<meta name=\"twitter:label1\" content=\"Est. reading time\">\n\t<meta name=\"twitter:data1\" content=\"1 minuta\">\n<script type=\"application\/ld+json\" class=\"yoast-schema-graph\">{\"@context\":\"https:\/\/schema.org\",\"@graph\":[{\"@type\":\"WebSite\",\"@id\":\"https:\/\/timoore.eu\/pl\/#website\",\"url\":\"https:\/\/timoore.eu\/pl\/\",\"name\":\"Timoore\",\"description\":\"Meble tworz\\u0105 wn\\u0119trze\",\"potentialAction\":[{\"@type\":\"SearchAction\",\"target\":\"https:\/\/timoore.eu\/pl\/?s={search_term_string}\",\"query-input\":\"required name=search_term_string\"}],\"inLanguage\":\"pl-PL\"},{\"@type\":\"ImageObject\",\"@id\":\"https:\/\/timoore.eu\/k\/kolekcja-magi\/szafa-dwudrzwiowa-2\/#primaryimage\",\"inLanguage\":\"pl-PL\",\"url\":\"https:\/\/timoore.eu\/wp-content\/uploads\/2020\/12\/wardrobe-mini.jpg\",\"width\":499,\"height\":499,\"caption\":\"Magi szafa dwudrzwiowa\"},{\"@type\":\"WebPage\",\"@id\":\"https:\/\/timoore.eu\/k\/kolekcja-magi\/szafa-dwudrzwiowa-2\/#webpage\",\"url\":\"https:\/\/timoore.eu\/k\/kolekcja-magi\/szafa-dwudrzwiowa-2\/\",\"name\":\"Szafa dwudrzwiowa - Timoore\",\"isPartOf\":{\"@id\":\"https:\/\/timoore.eu\/pl\/#website\"},\"primaryImageOfPage\":{\"@id\":\"https:\/\/timoore.eu\/k\/kolekcja-magi\/szafa-dwudrzwiowa-2\/#primaryimage\"},\"datePublished\":\"2020-12-12T00:55:43+00:00\",\"dateModified\":\"2020-12-12T01:02:36+00:00\",\"inLanguage\":\"pl-PL\",\"potentialAction\":[{\"@type\":\"ReadAction\",\"target\":[\"https:\/\/timoore.eu\/k\/kolekcja-magi\/szafa-dwudrzwiowa-2\/\"]}]}]}<\/script>\n<!-- \/ Yoast SEO plugin. -->","_links":{"self":[{"href":"https:\/\/timoore.eu\/pl\/wp-json\/wp\/v2\/product\/8144"}],"collection":[{"href":"https:\/\/timoore.eu\/pl\/wp-json\/wp\/v2\/product"}],"about":[{"href":"https:\/\/timoore.eu\/pl\/wp-json\/wp\/v2\/types\/product"}],"wp:featuredmedia":[{"embeddable":true,"href":"https:\/\/timoore.eu\/pl\/wp-json\/wp\/v2\/media\/8145"}],"wp:attachment":[{"href":"https:\/\/timoore.eu\/pl\/wp-json\/wp\/v2\/media?parent=8144"}],"curies":[{"name":"wp","href":"https:\/\/api.w.org\/{rel}","templated":true}]}}