{"id":8165,"date":"2020-12-12T21:50:25","date_gmt":"2020-12-12T20:50:25","guid":{"rendered":"https:\/\/timoore.com.pl\/?post_type=product&#038;p=8165"},"modified":"2020-12-12T22:00:12","modified_gmt":"2020-12-12T21:00:12","slug":"color-box","status":"publish","type":"product","link":"https:\/\/timoore.eu\/pl\/k\/kolekcja-new-line-plus\/color-box\/","title":{"rendered":"Color Box"},"content":{"rendered":"<p>Wyr\u00f3\u017cniaj\u0105ce si\u0119 nowoczesnym designem, p\u00f3\u0142ki \u015bcienne Color BOX s\u0105 bardzo praktyczne i pozwalaj\u0105 \u0142atwo wyeksponowa\u0107 wybrane przedmioty w prosty i funkcjonalny spos\u00f3b. Idealnie sprawdz\u0105 si\u0119 jako miejsce na ramki ze zdj\u0119ciami, maskotki, ksi\u0105\u017cki czy p\u0142yty. Prostota formy sprawia, \u017ce komponuj\u0105 si\u0119 ze wszystkimi kolekcjami Timoore.<\/p>\n<p>Color BOX wyposa\u017cony jest w zawieszki umo\u017cliwiaj\u0105ce zawieszanie mebla na \u015bcianie.<br \/>\nDost\u0119pny jest w kolorze niebieskim, zielonym, pomara\u0144czowym, r\u00f3\u017cowym i kremowym.<\/p>\n<p>Color BOX oferowany jest w dw\u00f3ch wersjach produkcyjnych:<br \/>\n<strong>Design Line by Timoore<\/strong> \u2013 w tej wersji mebel wykonany jest z lakierowanej p\u0142yty MDF.<br \/>\n<strong>Light Line by Timoore<\/strong> \u2013 w tej wersji mebel wykonany jest z melaminowanej p\u0142yty wi\u00f3rowej (wersja z bia\u0142ymi plecy mebla).<\/p>\n<p><strong>G\u0142\u00f3wne cechy:<\/strong><\/p>\n<ul>\n<li>oryginalne wzornictwo<\/li>\n<li>stabilna konstrukcja<\/li>\n<li>uniwersalna forma<\/li>\n<li>pi\u0119\u0107 kolor\u00f3w do wyboru<\/li>\n<li>mo\u017cliwo\u015b\u0107 komponowania efektownych zestaw\u00f3w<\/li>\n<\/ul>\n","protected":false},"excerpt":{"rendered":"<p><strong>oznaczenie produktu:<\/strong><br \/>\nPL-03-B, PL-03-G, PL-03-P, PL-03-O, PL-03-C<\/p>\n","protected":false},"featured_media":8166,"template":"","meta":{"inline_featured_image":false},"yoast_head":"<!-- This site is optimized with the Yoast SEO plugin v15.5 - https:\/\/yoast.com\/wordpress\/plugins\/seo\/ -->\n<title>Color Box - Timoore<\/title>\n<meta name=\"robots\" content=\"index, follow, max-snippet:-1, max-image-preview:large, max-video-preview:-1\" \/>\n<link rel=\"canonical\" href=\"https:\/\/timoore.eu\/pl\/k\/kolekcja-new-line-plus\/color-box\/\" \/>\n<meta property=\"og:locale\" content=\"pl_PL\" \/>\n<meta property=\"og:type\" content=\"article\" \/>\n<meta property=\"og:title\" content=\"Color Box - Timoore\" \/>\n<meta property=\"og:description\" content=\"oznaczenie produktu: PL-03-B, PL-03-G, PL-03-P, PL-03-O, PL-03-C\" \/>\n<meta property=\"og:url\" content=\"https:\/\/timoore.eu\/pl\/k\/kolekcja-new-line-plus\/color-box\/\" \/>\n<meta property=\"og:site_name\" content=\"Timoore\" \/>\n<meta property=\"article:publisher\" content=\"https:\/\/www.facebook.com\/MebleABSYNTH\" \/>\n<meta property=\"article:modified_time\" content=\"2020-12-12T21:00:12+00:00\" \/>\n<meta property=\"og:image\" content=\"https:\/\/timoore.eu\/wp-content\/uploads\/2020\/12\/PL_03.jpg\" \/>\n\t<meta property=\"og:image:width\" content=\"800\" \/>\n\t<meta property=\"og:image:height\" content=\"600\" \/>\n<meta name=\"twitter:card\" content=\"summary_large_image\" \/>\n<meta name=\"twitter:label1\" content=\"Est. reading time\">\n\t<meta name=\"twitter:data1\" content=\"1 minuta\">\n<script type=\"application\/ld+json\" class=\"yoast-schema-graph\">{\"@context\":\"https:\/\/schema.org\",\"@graph\":[{\"@type\":\"WebSite\",\"@id\":\"https:\/\/timoore.eu\/pl\/#website\",\"url\":\"https:\/\/timoore.eu\/pl\/\",\"name\":\"Timoore\",\"description\":\"Meble tworz\\u0105 wn\\u0119trze\",\"potentialAction\":[{\"@type\":\"SearchAction\",\"target\":\"https:\/\/timoore.eu\/pl\/?s={search_term_string}\",\"query-input\":\"required name=search_term_string\"}],\"inLanguage\":\"pl-PL\"},{\"@type\":\"ImageObject\",\"@id\":\"https:\/\/timoore.eu\/k\/kolekcja-new-line-plus\/color-box\/#primaryimage\",\"inLanguage\":\"pl-PL\",\"url\":\"https:\/\/timoore.eu\/wp-content\/uploads\/2020\/12\/PL_03.jpg\",\"width\":800,\"height\":600,\"caption\":\"Color Box\"},{\"@type\":\"WebPage\",\"@id\":\"https:\/\/timoore.eu\/k\/kolekcja-new-line-plus\/color-box\/#webpage\",\"url\":\"https:\/\/timoore.eu\/k\/kolekcja-new-line-plus\/color-box\/\",\"name\":\"Color Box - Timoore\",\"isPartOf\":{\"@id\":\"https:\/\/timoore.eu\/pl\/#website\"},\"primaryImageOfPage\":{\"@id\":\"https:\/\/timoore.eu\/k\/kolekcja-new-line-plus\/color-box\/#primaryimage\"},\"datePublished\":\"2020-12-12T20:50:25+00:00\",\"dateModified\":\"2020-12-12T21:00:12+00:00\",\"inLanguage\":\"pl-PL\",\"potentialAction\":[{\"@type\":\"ReadAction\",\"target\":[\"https:\/\/timoore.eu\/k\/kolekcja-new-line-plus\/color-box\/\"]}]}]}<\/script>\n<!-- \/ Yoast SEO plugin. -->","_links":{"self":[{"href":"https:\/\/timoore.eu\/pl\/wp-json\/wp\/v2\/product\/8165"}],"collection":[{"href":"https:\/\/timoore.eu\/pl\/wp-json\/wp\/v2\/product"}],"about":[{"href":"https:\/\/timoore.eu\/pl\/wp-json\/wp\/v2\/types\/product"}],"wp:featuredmedia":[{"embeddable":true,"href":"https:\/\/timoore.eu\/pl\/wp-json\/wp\/v2\/media\/8166"}],"wp:attachment":[{"href":"https:\/\/timoore.eu\/pl\/wp-json\/wp\/v2\/media?parent=8165"}],"curies":[{"name":"wp","href":"https:\/\/api.w.org\/{rel}","templated":true}]}}