{"id":8618,"date":"2020-12-29T12:29:41","date_gmt":"2020-12-29T11:29:41","guid":{"rendered":"https:\/\/timoore.com.pl\/?post_type=product&#038;p=8618"},"modified":"2020-12-29T12:42:15","modified_gmt":"2020-12-29T11:42:15","slug":"przewijak-2","status":"publish","type":"product","link":"https:\/\/timoore.eu\/pl\/k\/kolekcja-elle\/przewijak-2\/","title":{"rendered":"Przewijak"},"content":{"rendered":"","protected":false},"excerpt":{"rendered":"<p><strong>oznaczenie produktu:<\/strong><br \/>\nEA-01-(oznaczenie tkaniny)<br \/>\n&nbsp;<br \/>\nPrzewijak pasuje do \u0142\u00f3\u017ceczka niemowl\u0119cego 120 cm. Dzi\u0119ki niemu \u0142\u00f3\u017cko mo\u017ce zosta\u0107 efektywnie zagospodarowane na okres, w kt\u00f3rym maluchy wymagaj\u0105 przewijania. Nak\u0142adka jest szybka i \u0142atwa w monta\u017cu i demonta\u017cu, kiedy przestanie pe\u0142ni\u0107 swoj\u0105 funkcj\u0119. Posiada listwy ograniczaj\u0105ce, kt\u00f3re zabezpieczaj\u0105 niemowl\u0119 przed wypadni\u0119ciem.<br \/>\n&nbsp;<br \/>\nDost\u0119pny w wielu opcjach tkanin tapicerowanych.&nbsp;<\/p>\n<table class=\"timoore-furniture-size\">\n<tbody>\n<tr>\n<td>wysoko\u015b\u0107:<\/td>\n<td>10 cm<\/td>\n<\/tr>\n<tr>\n<td>szeroko\u015b\u0107:<\/td>\n<td>50 cm<\/td>\n<\/tr>\n<tr>\n<td>g\u0142\u0119boko\u015b\u0107:<\/td>\n<td>65 cm<\/td>\n<\/tr>\n<tr>\n<td>kolorystyka:<\/td>\n<td>Tabela tkanin bawe\u0142nianych<\/td>\n<\/tr>\n<\/tbody>\n<\/table>\n<div class=\"timoore-remarks\">\n<div class=\"timoore-remarks-inner\"><strong>Uwagi<\/strong><br \/>\nProducent zastrzega sobie prawo do zmiany wymiar\u00f3w produktu.<\/div>\n<\/div>\n","protected":false},"featured_media":8619,"template":"","meta":{"inline_featured_image":false},"yoast_head":"<!-- This site is optimized with the Yoast SEO plugin v15.5 - https:\/\/yoast.com\/wordpress\/plugins\/seo\/ -->\n<title>Przewijak - Timoore<\/title>\n<meta name=\"robots\" content=\"index, follow, max-snippet:-1, max-image-preview:large, max-video-preview:-1\" \/>\n<link rel=\"canonical\" href=\"https:\/\/timoore.eu\/pl\/k\/kolekcja-elle\/przewijak-2\/\" \/>\n<meta property=\"og:locale\" content=\"pl_PL\" \/>\n<meta property=\"og:type\" content=\"article\" \/>\n<meta property=\"og:title\" content=\"Przewijak - Timoore\" \/>\n<meta property=\"og:description\" content=\"oznaczenie produktu: EA-01-(oznaczenie tkaniny) &nbsp; Przewijak pasuje do \u0142\u00f3\u017ceczka niemowl\u0119cego 120 cm. Dzi\u0119ki niemu \u0142\u00f3\u017cko mo\u017ce zosta\u0107 efektywnie zagospodarowane na okres, w kt\u00f3rym maluchy wymagaj\u0105 przewijania. Nak\u0142adka jest szybka i \u0142atwa w monta\u017cu i demonta\u017cu, kiedy przestanie pe\u0142ni\u0107 swoj\u0105 funkcj\u0119. Posiada listwy ograniczaj\u0105ce, kt\u00f3re zabezpieczaj\u0105 niemowl\u0119 przed wypadni\u0119ciem. &nbsp; Dost\u0119pny w wielu opcjach tkanin tapicerowanych.&nbsp;    wysoko\u015b\u0107: 10 cm   szeroko\u015b\u0107: 50 cm   g\u0142\u0119boko\u015b\u0107: 65 cm   kolorystyka: Tabela tkanin bawe\u0142nianych     Uwagi Producent zastrzega sobie prawo do zmiany wymiar\u00f3w produktu.\" \/>\n<meta property=\"og:url\" content=\"https:\/\/timoore.eu\/pl\/k\/kolekcja-elle\/przewijak-2\/\" \/>\n<meta property=\"og:site_name\" content=\"Timoore\" \/>\n<meta property=\"article:publisher\" content=\"https:\/\/www.facebook.com\/MebleABSYNTH\" \/>\n<meta property=\"article:modified_time\" content=\"2020-12-29T11:42:15+00:00\" \/>\n<meta property=\"og:image\" content=\"https:\/\/timoore.eu\/wp-content\/uploads\/2020\/12\/T08-EA01_big.jpg\" \/>\n\t<meta property=\"og:image:width\" content=\"800\" \/>\n\t<meta property=\"og:image:height\" content=\"600\" \/>\n<meta name=\"twitter:card\" content=\"summary_large_image\" \/>\n<script type=\"application\/ld+json\" class=\"yoast-schema-graph\">{\"@context\":\"https:\/\/schema.org\",\"@graph\":[{\"@type\":\"WebSite\",\"@id\":\"https:\/\/timoore.eu\/pl\/#website\",\"url\":\"https:\/\/timoore.eu\/pl\/\",\"name\":\"Timoore\",\"description\":\"Meble tworz\\u0105 wn\\u0119trze\",\"potentialAction\":[{\"@type\":\"SearchAction\",\"target\":\"https:\/\/timoore.eu\/pl\/?s={search_term_string}\",\"query-input\":\"required name=search_term_string\"}],\"inLanguage\":\"pl-PL\"},{\"@type\":\"ImageObject\",\"@id\":\"https:\/\/timoore.eu\/k\/kolekcja-elle\/przewijak-2\/#primaryimage\",\"inLanguage\":\"pl-PL\",\"url\":\"https:\/\/timoore.eu\/wp-content\/uploads\/2020\/12\/T08-EA01_big.jpg\",\"width\":800,\"height\":600,\"caption\":\"ELLE - przewijak\"},{\"@type\":\"WebPage\",\"@id\":\"https:\/\/timoore.eu\/k\/kolekcja-elle\/przewijak-2\/#webpage\",\"url\":\"https:\/\/timoore.eu\/k\/kolekcja-elle\/przewijak-2\/\",\"name\":\"Przewijak - Timoore\",\"isPartOf\":{\"@id\":\"https:\/\/timoore.eu\/pl\/#website\"},\"primaryImageOfPage\":{\"@id\":\"https:\/\/timoore.eu\/k\/kolekcja-elle\/przewijak-2\/#primaryimage\"},\"datePublished\":\"2020-12-29T11:29:41+00:00\",\"dateModified\":\"2020-12-29T11:42:15+00:00\",\"inLanguage\":\"pl-PL\",\"potentialAction\":[{\"@type\":\"ReadAction\",\"target\":[\"https:\/\/timoore.eu\/k\/kolekcja-elle\/przewijak-2\/\"]}]}]}<\/script>\n<!-- \/ Yoast SEO plugin. -->","_links":{"self":[{"href":"https:\/\/timoore.eu\/pl\/wp-json\/wp\/v2\/product\/8618"}],"collection":[{"href":"https:\/\/timoore.eu\/pl\/wp-json\/wp\/v2\/product"}],"about":[{"href":"https:\/\/timoore.eu\/pl\/wp-json\/wp\/v2\/types\/product"}],"wp:featuredmedia":[{"embeddable":true,"href":"https:\/\/timoore.eu\/pl\/wp-json\/wp\/v2\/media\/8619"}],"wp:attachment":[{"href":"https:\/\/timoore.eu\/pl\/wp-json\/wp\/v2\/media?parent=8618"}],"curies":[{"name":"wp","href":"https:\/\/api.w.org\/{rel}","templated":true}]}}